{"id":76,"date":"2020-02-21T18:36:54","date_gmt":"2020-02-21T18:36:54","guid":{"rendered":"https:\/\/act2impact.eu\/?page_id=76"},"modified":"2020-04-17T14:52:03","modified_gmt":"2020-04-17T14:52:03","slug":"partnership","status":"publish","type":"page","link":"https:\/\/act2impact.eu\/pt\/partnership\/","title":{"rendered":"A Parceria"},"content":{"rendered":"<p><img decoding=\"async\" class=\" wp-image-77 aligncenter\" src=\"https:\/\/act2impact.eu\/wp-content\/uploads\/2020\/02\/Fundeun_logo-300x284.png\" alt=\"\" width=\"176\" height=\"167\" srcset=\"https:\/\/act2impact.eu\/wp-content\/uploads\/2020\/02\/Fundeun_logo-300x284.png 300w, https:\/\/act2impact.eu\/wp-content\/uploads\/2020\/02\/Fundeun_logo.png 764w\" sizes=\"(max-width: 176px) 100vw, 176px\" \/><\/p>\n<p><strong>FUNDEUN &#8211; Coordenador<\/strong><\/p>\n<div class=\"partner-desc\">\n<p>A Enterprise-University of Alicante Foundation (FUNDEUN) \u00e9 uma organiza\u00e7\u00e3o sem fins lucrativos que trabalha para a constru\u00e7\u00e3o de liga\u00e7\u00f5es entre as empresas da prov\u00edncia de Alicante e a principal universidade da \u00e1rea. A Funda\u00e7\u00e3o visa levar o conhecimento da Universidade de Alicante (UA) \u00e0s empresas e a experi\u00eancia das empresas \u00e0 Universidade.<\/p>\n<p>Promove, ainda, a inova\u00e7\u00e3o e o empreendedorismo nestas \u00e1reas comuns de conhecimento.<\/p><\/div>\n<hr \/>\n<div class=\"logo-title\">\n<p><img fetchpriority=\"high\" decoding=\"async\" class=\"size-medium wp-image-81 aligncenter\" src=\"https:\/\/act2impact.eu\/wp-content\/uploads\/2020\/02\/University-of-Thessaly_logo-300x210.png\" alt=\"\" width=\"300\" height=\"210\" srcset=\"https:\/\/act2impact.eu\/wp-content\/uploads\/2020\/02\/University-of-Thessaly_logo-300x210.png 300w, https:\/\/act2impact.eu\/wp-content\/uploads\/2020\/02\/University-of-Thessaly_logo-1024x716.png 1024w, https:\/\/act2impact.eu\/wp-content\/uploads\/2020\/02\/University-of-Thessaly_logo-768x537.png 768w, https:\/\/act2impact.eu\/wp-content\/uploads\/2020\/02\/University-of-Thessaly_logo-1536x1074.png 1536w, https:\/\/act2impact.eu\/wp-content\/uploads\/2020\/02\/University-of-Thessaly_logo.png 1564w\" sizes=\"(max-width: 300px) 100vw, 300px\" \/><\/p>\n<p><strong>Universidade de Thessaly<\/strong><\/p>\n<\/div>\n<div class=\"partner-desc\">\n<p>A Universidade de Thessaly, com 37 Departamentos e 8 Faculdades \u00e9 uma Universidade com a sua pr\u00f3pria identidade e com uma posi\u00e7\u00e3o proeminente no seu sistema de educa\u00e7\u00e3o nacional. A principal miss\u00e3o da Universidade de Thessaly \u00e9 a promo\u00e7\u00e3o do conhecimento cient\u00edfico atrav\u00e9s da investiga\u00e7\u00e3o e o contributo para o desenvolvimento cultural e econ\u00f3mico da comunidade local e da sociedade em geral. \u00c9 conhecida pela excel\u00eancia do seu desempenho na investiga\u00e7\u00e3o e excecionais conquistas cient\u00edficas, de acordo com os padr\u00f5es internacionais.<\/p>\n<p>Enquanto uma das institui\u00e7\u00f5es centrais da Universidade de Thessaly, o Centro de Educa\u00e7\u00e3o Internacional (CIE) apoia todos os grandes processos da Universidade e disponibiliza servi\u00e7os b\u00e1sicos e individualizado \u00e0 medida, por forma a sistematizar e unificar a forma\u00e7\u00e3o descentralizada nos v\u00e1rios campos.<\/p><\/div>\n<hr \/>\n<div class=\"logo-title\">\n<p><img decoding=\"async\" class=\"size-medium wp-image-82 aligncenter\" src=\"https:\/\/act2impact.eu\/wp-content\/uploads\/2020\/02\/ED-Knowledge-Consulting_logo-300x114.png\" alt=\"\" width=\"300\" height=\"114\" srcset=\"https:\/\/act2impact.eu\/wp-content\/uploads\/2020\/02\/ED-Knowledge-Consulting_logo-300x114.png 300w, https:\/\/act2impact.eu\/wp-content\/uploads\/2020\/02\/ED-Knowledge-Consulting_logo-1024x388.png 1024w, https:\/\/act2impact.eu\/wp-content\/uploads\/2020\/02\/ED-Knowledge-Consulting_logo-768x291.png 768w, https:\/\/act2impact.eu\/wp-content\/uploads\/2020\/02\/ED-Knowledge-Consulting_logo.png 1199w\" sizes=\"(max-width: 300px) 100vw, 300px\" \/><\/p>\n<p><strong>E&amp;D Knowledge Consulting, Lda<\/strong><\/p>\n<\/div>\n<div class=\"partner-desc\">\n<p>A E&amp;D Knowledge Consulting \u00e9 uma empresa de consultoria especializada nas \u00e1reas da gest\u00e3o da e do conhecimento e desenvolvimento de compet\u00eancias para o empreendedorismo e inova\u00e7\u00e3o. As principais linhas de consultoria da E&amp;D abrangem estrat\u00e9gias, mentoria e capacita\u00e7\u00e3o para:<\/p>\n<ul>\n<li>Implementa\u00e7\u00e3o de uma cultura para a criatividade e inova\u00e7\u00e3o,<\/li>\n<li>Desenvolvimento de compet\u00eancias necess\u00e1rias para a inova\u00e7\u00e3o e criatividade (t\u00e9cnicas de idea\u00e7\u00e3o, pensamento cr\u00edtico, colabora\u00e7\u00e3o, mentalidade de inova\u00e7\u00e3o, etc.),<\/li>\n<li>Modelos de neg\u00f3cio para a inova\u00e7\u00e3o e inova\u00e7\u00e3o de modelos de neg\u00f3cio,<\/li>\n<li>Cocria\u00e7\u00e3o de inova\u00e7\u00e3o e conhecimento (mecanismos, ferramentas e estrat\u00e9gias para a inova\u00e7\u00e3o colaborativa e transfer\u00eancia de conhecimento),<\/li>\n<li>Avalia\u00e7\u00e3o e monitoriza\u00e7\u00e3o da capacidade de inova\u00e7\u00e3o e necessidades de melhoria.<\/li>\n<\/ul>\n<p>A E&amp;D Knowledge Consulting visa promover o desenvolvimento social e econ\u00f3mico capacitando cidad\u00e3os, trabalhadores e l\u00edderes mais inovadores, capacitados e comprometidos, e apoiar a cria\u00e7\u00e3o e crescimento de l\u00edderes de inova\u00e7\u00e3o e mercado. As nossas atividades abrangem workshops integrados, mentoria e coaching, consultoria e projetos.<\/p><\/div>\n<hr \/>\n<div class=\"logo-title\">\n<p><img loading=\"lazy\" decoding=\"async\" class=\"size-medium wp-image-83 aligncenter\" src=\"https:\/\/act2impact.eu\/wp-content\/uploads\/2020\/02\/Danmar_logo-300x240.png\" alt=\"\" width=\"300\" height=\"240\" srcset=\"https:\/\/act2impact.eu\/wp-content\/uploads\/2020\/02\/Danmar_logo-300x240.png 300w, https:\/\/act2impact.eu\/wp-content\/uploads\/2020\/02\/Danmar_logo-768x613.png 768w, https:\/\/act2impact.eu\/wp-content\/uploads\/2020\/02\/Danmar_logo.png 983w\" sizes=\"(max-width: 300px) 100vw, 300px\" \/><\/p>\n<p><strong>Danmar Computers LLC<\/strong><\/p>\n<\/div>\n<div class=\"partner-desc\">A Danmar Computers \u00e9 uma empresa privada que fornece forma\u00e7\u00e3o vocacional e desenvolvimento de solu\u00e7\u00f5es TIC para v\u00e1rios setores profissionais e para todos os grupos et\u00e1rios. Para al\u00e9m da forma\u00e7\u00e3o, oferece o desenvolvimento de materiais de forma\u00e7\u00e3o, aconselhamento, e cria\u00e7\u00e3o de ferramentas digitais inovadoras, p\u00e1ginas Web personalizadas, aplica\u00e7\u00f5es mobile, sistemas de e-learning e campanhas Web. A atividade da Danmar est\u00e1 direcionada para v\u00e1rios grupos, oferecendo programas de forma\u00e7\u00e3o especiais e assist\u00eancia na melhoria das suas situa\u00e7\u00f5es, seja no mercado de trabalho seja noutras \u00e1reas profissionais.<\/div>\n<hr \/>\n<div class=\"logo-title\">\n<p><img loading=\"lazy\" decoding=\"async\" class=\"size-medium wp-image-84 aligncenter\" src=\"https:\/\/act2impact.eu\/wp-content\/uploads\/2020\/02\/EURO-NET_logo-page-001-300x94.jpg\" alt=\"\" width=\"300\" height=\"94\" srcset=\"https:\/\/act2impact.eu\/wp-content\/uploads\/2020\/02\/EURO-NET_logo-page-001-300x94.jpg 300w, https:\/\/act2impact.eu\/wp-content\/uploads\/2020\/02\/EURO-NET_logo-page-001-1024x322.jpg 1024w, https:\/\/act2impact.eu\/wp-content\/uploads\/2020\/02\/EURO-NET_logo-page-001-768x242.jpg 768w, https:\/\/act2impact.eu\/wp-content\/uploads\/2020\/02\/EURO-NET_logo-page-001-1536x484.jpg 1536w, https:\/\/act2impact.eu\/wp-content\/uploads\/2020\/02\/EURO-NET_logo-page-001.jpg 1594w\" sizes=\"(max-width: 300px) 100vw, 300px\" \/><\/p>\n<p><strong>EURO-NET<\/strong><\/p>\n<\/div>\n<div class=\"partner-desc\">\n<p>A EURO-NET \u00e9 uma associa\u00e7\u00e3o sem fins lucrativos, membro ou membro-associado de 57 redes internacionais (5 das quais s\u00e3o redes EU: EUROPE DIRECT, EUROGUIDANCE, EURODESK, SOLVIT e EBN-EUROPEAN BUSINESS &amp; INNOVATION CENTRE NETWORK).<\/p>\n<p>A EURO-NET det\u00e9m 77 representa\u00e7\u00f5es em 26 pa\u00edses da Europa.<\/p>\n<p>A EURO-NET disponibiliza os seguintes servi\u00e7os, a crian\u00e7as, jovens e adultos:<\/p>\n<ul>\n<li>Centro de informa\u00e7\u00e3o e desenvolvimento de projeto;<\/li>\n<li>Organiza\u00e7\u00e3o de cursos de forma\u00e7\u00e3o, interc\u00e2mbio e atividades culturais, art\u00edsticas ou desportivas;<\/li>\n<li>Estudos setoriais, investiga\u00e7\u00e3o;<\/li>\n<li>Aconselhamento, apoio e preven\u00e7\u00e3o de crises;<\/li>\n<li>E-learning, networking, parcerias, cursos de forma\u00e7\u00e3o e workshops;<\/li>\n<li>Publica\u00e7\u00f5es, jornais e p\u00e1ginas Web.<\/li>\n<\/ul>\n<\/div>\n<p><\/p>","protected":false},"excerpt":{"rendered":"<p>FUNDEUN &#8211; Coordenador A Enterprise-University of Alicante Foundation (FUNDEUN) \u00e9 uma organiza\u00e7\u00e3o sem fins lucrativos que trabalha para a constru\u00e7\u00e3o de liga\u00e7\u00f5es entre as empresas da prov\u00edncia de Alicante e&hellip;<\/p>\n","protected":false},"author":1,"featured_media":0,"parent":0,"menu_order":0,"comment_status":"closed","ping_status":"closed","template":"","meta":{"footnotes":""},"class_list":["post-76","page","type-page","status-publish","hentry"],"_links":{"self":[{"href":"https:\/\/act2impact.eu\/pt\/wp-json\/wp\/v2\/pages\/76","targetHints":{"allow":["GET"]}}],"collection":[{"href":"https:\/\/act2impact.eu\/pt\/wp-json\/wp\/v2\/pages"}],"about":[{"href":"https:\/\/act2impact.eu\/pt\/wp-json\/wp\/v2\/types\/page"}],"author":[{"embeddable":true,"href":"https:\/\/act2impact.eu\/pt\/wp-json\/wp\/v2\/users\/1"}],"replies":[{"embeddable":true,"href":"https:\/\/act2impact.eu\/pt\/wp-json\/wp\/v2\/comments?post=76"}],"version-history":[{"count":9,"href":"https:\/\/act2impact.eu\/pt\/wp-json\/wp\/v2\/pages\/76\/revisions"}],"predecessor-version":[{"id":173,"href":"https:\/\/act2impact.eu\/pt\/wp-json\/wp\/v2\/pages\/76\/revisions\/173"}],"wp:attachment":[{"href":"https:\/\/act2impact.eu\/pt\/wp-json\/wp\/v2\/media?parent=76"}],"curies":[{"name":"wp","href":"https:\/\/api.w.org\/{rel}","templated":true}]}}