{"id":51,"date":"2020-02-21T17:46:28","date_gmt":"2020-02-21T17:46:28","guid":{"rendered":"https:\/\/act2impact.eu\/?page_id=51"},"modified":"2022-11-08T18:49:36","modified_gmt":"2022-11-08T18:49:36","slug":"elementor-51","status":"publish","type":"page","link":"https:\/\/act2impact.eu\/pt\/","title":{"rendered":"Home"},"content":{"rendered":"\t\t<div data-elementor-type=\"wp-post\" data-elementor-id=\"51\" class=\"elementor elementor-51\">\n\t\t\t\t\t\t\t\t\t<section class=\"elementor-section elementor-top-section elementor-element elementor-element-2b1ed0a elementor-section-boxed elementor-section-height-default elementor-section-height-default\" data-id=\"2b1ed0a\" data-element_type=\"section\">\n\t\t\t\t\t\t<div class=\"elementor-container elementor-column-gap-default\">\n\t\t\t\t\t<div class=\"elementor-column elementor-col-100 elementor-top-column elementor-element elementor-element-5076dbf\" data-id=\"5076dbf\" data-element_type=\"column\">\n\t\t\t<div class=\"elementor-widget-wrap elementor-element-populated\">\n\t\t\t\t\t\t\t\t<div class=\"elementor-element elementor-element-f208269 elementor-widget elementor-widget-text-editor\" data-id=\"f208269\" data-element_type=\"widget\" data-widget_type=\"text-editor.default\">\n\t\t\t\t<div class=\"elementor-widget-container\">\n\t\t\t\t\t\t\t<h3><\/h3><h3><\/h3><h3><\/h3><h3><\/h3><h3><\/h3><h3><\/h3><h3>O projeto ACT2IMPACT visa atuar sobre o fosso existente entre o conjunto de compet\u00eancias detidas pelos jovens adultos que se preparam para entrar no mercado de trabalho e as necessidades atuais das empresas.<\/h3><h3>Na verdade, dada a lenta mudan\u00e7a no sistema de educa\u00e7\u00e3o tradicional, s\u00e3o altamente necess\u00e1rias novas solu\u00e7\u00f5es que apoiem os jovens adultos a enfrentar os novos desafios do mercado de trabalho em mudan\u00e7a.<\/h3>\t\t\t\t\t\t<\/div>\n\t\t\t\t<\/div>\n\t\t\t\t\t<\/div>\n\t\t<\/div>\n\t\t\t\t\t\t\t<\/div>\n\t\t<\/section>\n\t\t\t\t<section class=\"elementor-section elementor-top-section elementor-element elementor-element-8bbf91b elementor-section-boxed elementor-section-height-default elementor-section-height-default\" data-id=\"8bbf91b\" data-element_type=\"section\">\n\t\t\t\t\t\t<div class=\"elementor-container elementor-column-gap-default\">\n\t\t\t\t\t<div class=\"elementor-column elementor-col-100 elementor-top-column elementor-element elementor-element-a0be79c\" data-id=\"a0be79c\" data-element_type=\"column\">\n\t\t\t<div class=\"elementor-widget-wrap elementor-element-populated\">\n\t\t\t\t\t\t\t\t<div class=\"elementor-element elementor-element-f5cdb4d elementor-tabs-view-horizontal elementor-widget elementor-widget-tabs\" data-id=\"f5cdb4d\" data-element_type=\"widget\" data-widget_type=\"tabs.default\">\n\t\t\t\t<div class=\"elementor-widget-container\">\n\t\t\t\t\t<div class=\"elementor-tabs\">\n\t\t\t<div class=\"elementor-tabs-wrapper\" role=\"tablist\" >\n\t\t\t\t\t\t\t\t\t<div id=\"elementor-tab-title-2571\" class=\"elementor-tab-title elementor-tab-desktop-title\" aria-selected=\"true\" data-tab=\"1\" role=\"tab\" tabindex=\"0\" aria-controls=\"elementor-tab-content-2571\" aria-expanded=\"false\">Metas do projeto<\/div>\n\t\t\t\t\t\t\t\t\t<div id=\"elementor-tab-title-2572\" class=\"elementor-tab-title elementor-tab-desktop-title\" aria-selected=\"false\" data-tab=\"2\" role=\"tab\" tabindex=\"-1\" aria-controls=\"elementor-tab-content-2572\" aria-expanded=\"false\">Resultados do Projeto<\/div>\n\t\t\t\t\t\t\t\t\t<div id=\"elementor-tab-title-2573\" class=\"elementor-tab-title elementor-tab-desktop-title\" aria-selected=\"false\" data-tab=\"3\" role=\"tab\" tabindex=\"-1\" aria-controls=\"elementor-tab-content-2573\" aria-expanded=\"false\">Grupo-Alvo<\/div>\n\t\t\t\t\t\t\t\t\t<div id=\"elementor-tab-title-2574\" class=\"elementor-tab-title elementor-tab-desktop-title\" aria-selected=\"false\" data-tab=\"4\" role=\"tab\" tabindex=\"-1\" aria-controls=\"elementor-tab-content-2574\" aria-expanded=\"false\">Reuni\u00f5es de parceria<\/div>\n\t\t\t\t\t\t\t<\/div>\n\t\t\t<div class=\"elementor-tabs-content-wrapper\" role=\"tablist\" aria-orientation=\"vertical\">\n\t\t\t\t\t\t\t\t\t<div class=\"elementor-tab-title elementor-tab-mobile-title\" aria-selected=\"true\" data-tab=\"1\" role=\"tab\" tabindex=\"0\" aria-controls=\"elementor-tab-content-2571\" aria-expanded=\"false\">Metas do projeto<\/div>\n\t\t\t\t\t<div id=\"elementor-tab-content-2571\" class=\"elementor-tab-content elementor-clearfix\" data-tab=\"1\" role=\"tabpanel\" aria-labelledby=\"elementor-tab-title-2571\" tabindex=\"0\" hidden=\"false\"><p><\/p><p><\/p><p><\/p><p><\/p><p><\/p><p><\/p><p>O projeto visa desenvolver, ao longo de 26 meses de atividade, um percurso de desenvolvimento de compet\u00eancias que, atrav\u00e9s de uma abordagem integrada, apoia o desenvolvimento de compet\u00eancias de Pensamento Cr\u00edtico e Criatividade.<\/p><p>Baseado numa ferramenta online, o projeto visa apresentar uma abordagem inovadora para o desenvolvimento de compet\u00eancias baseado em capacita\u00e7\u00e3o e aprendizagem atrav\u00e9s de desafios e exerc\u00edcios altamente interativos, juntamente com debates colaborativos suportados atrav\u00e9s de um f\u00f3rum de debate online. <\/p><\/div>\n\t\t\t\t\t\t\t\t\t<div class=\"elementor-tab-title elementor-tab-mobile-title\" aria-selected=\"false\" data-tab=\"2\" role=\"tab\" tabindex=\"-1\" aria-controls=\"elementor-tab-content-2572\" aria-expanded=\"false\">Resultados do Projeto<\/div>\n\t\t\t\t\t<div id=\"elementor-tab-content-2572\" class=\"elementor-tab-content elementor-clearfix\" data-tab=\"2\" role=\"tabpanel\" aria-labelledby=\"elementor-tab-title-2572\" tabindex=\"0\" hidden=\"hidden\"><p><\/p><p><\/p><p><\/p><p><\/p><p><\/p><p>Plataforma Online, na qual os participantes podem desenvolver as <em>soft skills<\/em> em Pensamento Critico e Criatividade, atrav\u00e9s de cursos de forma\u00e7\u00e3o de curta dura\u00e7\u00e3o e altamente interativos, baseados em desafios e exerc\u00edcios estrat\u00e9gicos para o desenvolvimento de compet\u00eancias. A plataforma online ir\u00e1 incluir, tamb\u00e9m, um f\u00f3rum de debate visando a cria\u00e7\u00e3o de equipas de debate entre os participantes dos diferentes pa\u00edses da parceria, promovendo o trabalho colaborativo e a aprendizagem interativa.<\/p><p style=\"text-align: center;\"><a href=\"https:\/\/act2impact.erasmus.site\/\" target=\"_blank\" rel=\"noopener\">Open<\/a><\/p><\/div>\n\t\t\t\t\t\t\t\t\t<div class=\"elementor-tab-title elementor-tab-mobile-title\" aria-selected=\"false\" data-tab=\"3\" role=\"tab\" tabindex=\"-1\" aria-controls=\"elementor-tab-content-2573\" aria-expanded=\"false\">Grupo-Alvo<\/div>\n\t\t\t\t\t<div id=\"elementor-tab-content-2573\" class=\"elementor-tab-content elementor-clearfix\" data-tab=\"3\" role=\"tabpanel\" aria-labelledby=\"elementor-tab-title-2573\" tabindex=\"0\" hidden=\"hidden\"><p><\/li><\/ol><p><\/li><\/ol><p><\/li><\/ol><p><\/li><\/ol><p><\/p><p><\/p><p>O projeto visa desenvolver uma solu\u00e7\u00e3o dirigida a:<\/p><ol><li>jovens adultos com idades entre os 20 e os 30 anos, permitindo-lhes entrar, mais facilmente, no mercado profissional;<\/li><li>educadores e outras organiza\u00e7\u00f5es de forma\u00e7\u00e3o, para o desenvolvimento de compet\u00eancias chave que ir\u00e3o contribuir para aumentar as oportunidades de sucesso profissional e satisfa\u00e7\u00e3o no trabalho.<\/li><\/ol><\/div>\n\t\t\t\t\t\t\t\t\t<div class=\"elementor-tab-title elementor-tab-mobile-title\" aria-selected=\"false\" data-tab=\"4\" role=\"tab\" tabindex=\"-1\" aria-controls=\"elementor-tab-content-2574\" aria-expanded=\"false\">Reuni\u00f5es de parceria<\/div>\n\t\t\t\t\t<div id=\"elementor-tab-content-2574\" class=\"elementor-tab-content elementor-clearfix\" data-tab=\"4\" role=\"tabpanel\" aria-labelledby=\"elementor-tab-title-2574\" tabindex=\"0\" hidden=\"hidden\"><p><\/li><\/ol><p><\/li><\/ol><p><\/li><\/ol><p><\/li><\/ol><p><\/li><\/ol><p><\/p><p>Ao longo do projeto est\u00e3o planeadas 4 reuni\u00f5es de parceria:<\/p><ol><li>Alicante (Espanha) &#8211; 1\u00aa Reuni\u00e3o em Alicante -A primeira reuni\u00e3o de projeto realizou-se em Alicante (Espanha) nos dias 13 e 14 de janeiro de 2020.<p>A entidade acolhedora foi o parceiro coordenador ENTERPRISE UNIVERSITY OF ALICANTE FOUNDATION (FUNDEUN).<\/p><p>Durante a reuni\u00e3o, todas as etapas do projeto foram discutidas e um plano do conjunto de atividades a serem desenvolvidas foi definido e acordado por todos os parceiros.<\/p><\/li><li>Porto (Portugal)<\/li><li>Potenza (it\u00e1lia)<\/li><li>Volos (Gr\u00e9cia)<\/li><\/ol><\/div>\n\t\t\t\t\t\t\t<\/div>\n\t\t<\/div>\n\t\t\t\t<\/div>\n\t\t\t\t<\/div>\n\t\t\t\t\t<\/div>\n\t\t<\/div>\n\t\t\t\t\t\t\t<\/div>\n\t\t<\/section>\n\t\t\t\t\t\t\t<\/div>\n\t\t","protected":false},"excerpt":{"rendered":"<p>O projeto ACT2IMPACT visa atuar sobre o fosso existente entre o conjunto de compet\u00eancias detidas pelos jovens adultos que se preparam para entrar no mercado de trabalho e as necessidades&hellip;<\/p>\n","protected":false},"author":1,"featured_media":75,"parent":0,"menu_order":0,"comment_status":"closed","ping_status":"closed","template":"","meta":{"footnotes":""},"class_list":["post-51","page","type-page","status-publish","has-post-thumbnail","hentry"],"_links":{"self":[{"href":"https:\/\/act2impact.eu\/pt\/wp-json\/wp\/v2\/pages\/51","targetHints":{"allow":["GET"]}}],"collection":[{"href":"https:\/\/act2impact.eu\/pt\/wp-json\/wp\/v2\/pages"}],"about":[{"href":"https:\/\/act2impact.eu\/pt\/wp-json\/wp\/v2\/types\/page"}],"author":[{"embeddable":true,"href":"https:\/\/act2impact.eu\/pt\/wp-json\/wp\/v2\/users\/1"}],"replies":[{"embeddable":true,"href":"https:\/\/act2impact.eu\/pt\/wp-json\/wp\/v2\/comments?post=51"}],"version-history":[{"count":46,"href":"https:\/\/act2impact.eu\/pt\/wp-json\/wp\/v2\/pages\/51\/revisions"}],"predecessor-version":[{"id":311,"href":"https:\/\/act2impact.eu\/pt\/wp-json\/wp\/v2\/pages\/51\/revisions\/311"}],"wp:featuredmedia":[{"embeddable":true,"href":"https:\/\/act2impact.eu\/pt\/wp-json\/wp\/v2\/media\/75"}],"wp:attachment":[{"href":"https:\/\/act2impact.eu\/pt\/wp-json\/wp\/v2\/media?parent=51"}],"curies":[{"name":"wp","href":"https:\/\/api.w.org\/{rel}","templated":true}]}}