{"id":76,"date":"2020-02-21T18:36:54","date_gmt":"2020-02-21T18:36:54","guid":{"rendered":"https:\/\/act2impact.eu\/?page_id=76"},"modified":"2020-04-17T14:52:03","modified_gmt":"2020-04-17T14:52:03","slug":"partnership","status":"publish","type":"page","link":"https:\/\/act2impact.eu\/pl\/partnership\/","title":{"rendered":"Partnerstwo"},"content":{"rendered":"<p><img decoding=\"async\" class=\" wp-image-77 aligncenter\" src=\"https:\/\/act2impact.eu\/wp-content\/uploads\/2020\/02\/Fundeun_logo-300x284.png\" alt=\"\" width=\"176\" height=\"167\" srcset=\"https:\/\/act2impact.eu\/wp-content\/uploads\/2020\/02\/Fundeun_logo-300x284.png 300w, https:\/\/act2impact.eu\/wp-content\/uploads\/2020\/02\/Fundeun_logo.png 764w\" sizes=\"(max-width: 176px) 100vw, 176px\" \/><\/p>\n<p style=\"font-size: 18px; font-weight: bold; padding-top: 40px;\">FUNDEUN &#8211; Koordynator<\/p>\n<div class=\"partner-desc\" style=\"clear: both;\">\n<p>Przedsi\u0119biorstwo &#8211; Fundacja Uniwersytetu w Alicante (FUNDEUN) jest organizacj\u0105 non-profit, kt\u00f3ra dzia\u0142a na rzecz budowania wi\u0119zi pomi\u0119dzy firmami z prowincji Alicante, a g\u0142\u00f3wnym uniwersytetem w tym regionie. Fundacja ma na celu przekazywanie wiedzy Uniwersytetu w Alicante (UA) firmom, oraz do\u015bwiadcze\u0144 przedsi\u0119biorstw &#8211; Uniwersytetowi. Promuje r\u00f3wnie\u017c innowacje i przedsi\u0119biorczo\u015b\u0107 w zakresie tej wiedzy.<\/p>\n<\/div>\n<hr style=\"color: black;\" \/>\n<div class=\"logo-title\">\n<p><img fetchpriority=\"high\" decoding=\"async\" class=\"size-medium wp-image-81 aligncenter\" src=\"https:\/\/act2impact.eu\/wp-content\/uploads\/2020\/02\/University-of-Thessaly_logo-300x210.png\" alt=\"\" width=\"300\" height=\"210\" srcset=\"https:\/\/act2impact.eu\/wp-content\/uploads\/2020\/02\/University-of-Thessaly_logo-300x210.png 300w, https:\/\/act2impact.eu\/wp-content\/uploads\/2020\/02\/University-of-Thessaly_logo-1024x716.png 1024w, https:\/\/act2impact.eu\/wp-content\/uploads\/2020\/02\/University-of-Thessaly_logo-768x537.png 768w, https:\/\/act2impact.eu\/wp-content\/uploads\/2020\/02\/University-of-Thessaly_logo-1536x1074.png 1536w, https:\/\/act2impact.eu\/wp-content\/uploads\/2020\/02\/University-of-Thessaly_logo.png 1564w\" sizes=\"(max-width: 300px) 100vw, 300px\" \/><\/p>\n<p style=\"font-size: 18px; font-weight: bold; padding-top: 40px;\">Uniwersytet w Tesalii<\/p>\n<\/div>\n<div class=\"partner-desc\" style=\"clear: both;\">\n<p>Uniwersytet w Tesalii, z 37 wydzia\u0142ami i 8 kierunkami, jest uniwersytetem z w\u0142asn\u0105 to\u017csamo\u015bci\u0105 i znacz\u0105c\u0105 pozycj\u0105 w krajowym systemie edukacji. G\u0142\u00f3wn\u0105 misj\u0105 Uniwersytetu w Tesalii jest promowanie wiedzy naukowej poprzez badania naukowe oraz przyczynianie si\u0119 do rozwoju kulturalnego i gospodarczego spo\u0142eczno\u015bci lokalnej ca\u0142ego spo\u0142ecze\u0144stwa. Uniwersytet znany jest z doskona\u0142ych wynik\u00f3w bada\u0144 i wybitnych osi\u0105gni\u0119\u0107 naukowych, zgodnie z mi\u0119dzynarodowymi standardami.<\/p>\n<p>Jako jedna z centralnych instytucji Uniwersytetu w Tesalii, Centrum Edukacji Mi\u0119dzynarodowej (CIE) wspiera wszystkie g\u0142\u00f3wne procesy na Uniwersytecie i zapewnia podstawowe i indywidualnie dostosowane us\u0142ugi w celu usystematyzowania i ujednolicenia zdecentralizowanych szkole\u0144 w r\u00f3\u017cnych dziedzinach.<\/p><\/div>\n<hr style=\"color: black;\" \/>\n<div class=\"logo-title\">\n<p><img decoding=\"async\" class=\"size-medium wp-image-82 aligncenter\" src=\"https:\/\/act2impact.eu\/wp-content\/uploads\/2020\/02\/ED-Knowledge-Consulting_logo-300x114.png\" alt=\"\" width=\"300\" height=\"114\" srcset=\"https:\/\/act2impact.eu\/wp-content\/uploads\/2020\/02\/ED-Knowledge-Consulting_logo-300x114.png 300w, https:\/\/act2impact.eu\/wp-content\/uploads\/2020\/02\/ED-Knowledge-Consulting_logo-1024x388.png 1024w, https:\/\/act2impact.eu\/wp-content\/uploads\/2020\/02\/ED-Knowledge-Consulting_logo-768x291.png 768w, https:\/\/act2impact.eu\/wp-content\/uploads\/2020\/02\/ED-Knowledge-Consulting_logo.png 1199w\" sizes=\"(max-width: 300px) 100vw, 300px\" \/><\/p>\n<p style=\"font-size: 18px; font-weight: bold; padding-top: 40px;\">E&amp;D Knowledge Consulting, Lda<\/p>\n<\/div>\n<div class=\"partner-desc\" style=\"clear: both;\">\n<p>E&amp;D Knowledge Consulting jest firm\u0105 konsultingow\u0105 specjalizuj\u0105c\u0105 si\u0119 w obszarach zarz\u0105dzania innowacjami i wiedz\u0105 oraz budowania potencja\u0142u dla przedsi\u0119biorczo\u015bci i innowacji. G\u0142\u00f3wne kierunki doradztwa w zakresie E&amp;D obejmuj\u0105 strategie, doradztwo i szkolenia:<\/p>\n<ul>\n<li>Tworzenie kultury dla kreatywno\u015bci i innowacji,<\/li>\n<li>Rozw\u00f3j umiej\u0119tno\u015bci niezb\u0119dnych dla innowacji i kreatywno\u015bci (techniki ideowe, my\u015blenie krytyczne, zachowania oparte na<\/li>\n<\/ul>\n<p>wsp\u00f3\u0142pracy, innowacyjny spos\u00f3b my\u015blenia, itp.)<\/p>\n<ul>\n<li>Modele biznesowe dla innowacji i innowacyjno\u015b\u0107 modeli biznesowych<\/li>\n<li>Wsp\u00f3\u0142tworzenie innowacji i wiedzy (mechanizmy, narz\u0119dzia i strategie w zakresie innowacji opartych na wsp\u00f3\u0142pracy i transferu wiedzy),<\/li>\n<li>Ocena i monitorowanie zdolno\u015bci innowacyjnych i potrzeb w zakresie ulepsze\u0144.<\/li>\n<\/ul>\n<p>E&amp;D Knowledge Consulting ma na celu stymulowanie rozwoju spo\u0142ecznego i gospodarczego poprzez piel\u0119gnowanie bardziej innowacyjnych, wykwalifikowanych i zaanga\u017cowanych obywateli, pracownik\u00f3w i lider\u00f3w, a tak\u017ce wspieranie tworzenia i rozwoju innowacji i lider\u00f3w rynku. Dzia\u0142ania obejmuj\u0105 zintegrowane warsztaty, wsparcie i szkolenia, doradztwo i realizacj\u0119 projekt\u00f3w.<\/p><\/div>\n<hr style=\"color: black;\" \/>\n<div class=\"logo-title\">\n<p><img loading=\"lazy\" decoding=\"async\" class=\"size-medium wp-image-83 aligncenter\" src=\"https:\/\/act2impact.eu\/wp-content\/uploads\/2020\/02\/Danmar_logo-300x240.png\" alt=\"\" width=\"300\" height=\"240\" srcset=\"https:\/\/act2impact.eu\/wp-content\/uploads\/2020\/02\/Danmar_logo-300x240.png 300w, https:\/\/act2impact.eu\/wp-content\/uploads\/2020\/02\/Danmar_logo-768x613.png 768w, https:\/\/act2impact.eu\/wp-content\/uploads\/2020\/02\/Danmar_logo.png 983w\" sizes=\"(max-width: 300px) 100vw, 300px\" \/><\/p>\n<p style=\"font-size: 18px; font-weight: bold; padding-top: 40px;\">Danmar Computers LLC<\/p>\n<\/div>\n<div class=\"partner-desc\" style=\"clear: both;\">Danmar Computers jest prywatn\u0105 firm\u0105 oferuj\u0105c\u0105 szkolenia zawodowe i rozwi\u0105zania ICT dla r\u00f3\u017cnych sektor\u00f3w zawodowych i dla wszystkich grup wiekowych. Opr\u00f3cz szkole\u0144, oferuje opracowanie materia\u0142\u00f3w szkoleniowych, doradztwo oraz tworzenie innowacyjnych narz\u0119dzi cyfrowych, stron internetowych dostosowanych do potrzeb klienta, aplikacji mobilnych, system\u00f3w e-learningowych i kampanii internetowych. Dzia\u0142ania Danmar-u s\u0105 skierowane do r\u00f3\u017cnych grup, oferuj\u0105c specjalne programy szkoleniowe i pomoc w poprawie ich sytuacji, zar\u00f3wno na rynku pracy, jak i w innych obszarach zawodowych.<\/div>\n<hr style=\"color: black;\" \/>\n<div class=\"logo-title\">\n<p><img loading=\"lazy\" decoding=\"async\" class=\"size-medium wp-image-84 aligncenter\" src=\"https:\/\/act2impact.eu\/wp-content\/uploads\/2020\/02\/EURO-NET_logo-page-001-300x94.jpg\" alt=\"\" width=\"300\" height=\"94\" srcset=\"https:\/\/act2impact.eu\/wp-content\/uploads\/2020\/02\/EURO-NET_logo-page-001-300x94.jpg 300w, https:\/\/act2impact.eu\/wp-content\/uploads\/2020\/02\/EURO-NET_logo-page-001-1024x322.jpg 1024w, https:\/\/act2impact.eu\/wp-content\/uploads\/2020\/02\/EURO-NET_logo-page-001-768x242.jpg 768w, https:\/\/act2impact.eu\/wp-content\/uploads\/2020\/02\/EURO-NET_logo-page-001-1536x484.jpg 1536w, https:\/\/act2impact.eu\/wp-content\/uploads\/2020\/02\/EURO-NET_logo-page-001.jpg 1594w\" sizes=\"(max-width: 300px) 100vw, 300px\" \/><\/p>\n<p style=\"font-size: 18px; font-weight: bold; padding-top: 40px;\">EURO-NET<\/p>\n<\/div>\n<div class=\"partner-desc\" style=\"clear: both;\">\n<p>EURO-NET jest stowarzyszeniem non-profit, kt\u00f3re jest cz\u0142onkiem lub stowarzyszonym cz\u0142onkiem 57 mi\u0119dzynarodowych sieci (5 z nich to sieci unijne): EUROPE DIRECT, EUROGUIDANCE, EURODESK, SOLVIT oraz EBN-EUROPEAN BUSINESS &amp; INNOVATION CENTRE NETWORK).<\/p>\n<p>EURO-NET posiada 77 w\u0142asnych anten w 26 r\u00f3\u017cnych krajach Europy.<\/p>\n<p>EURO-NET oferuje dzieciom, m\u0142odzie\u017cy i doros\u0142ym nast\u0119puj\u0105ce us\u0142ugi:<\/p>\n<ul>\n<li>centrum informacji i rozwoju projekt\u00f3w<\/li>\n<li>organizacj\u0119 kurs\u00f3w szkoleniowych, wymian i dzia\u0142a\u0144 kulturalnych, artystycznych lub sportowych<\/li>\n<li>studia bran\u017cowe, badania<\/li>\n<li>doradztwo, wsparcie i zapobieganie kryzysom<\/li>\n<li>e-learning, nawi\u0105zywanie kontakt\u00f3w, partnerstwo, kursy szkoleniowe i warsztaty<\/li>\n<li>publikacje, gazety i strony internetowe.<\/li>\n<\/ul>\n<\/div>\n<p><\/p>","protected":false},"excerpt":{"rendered":"<p>FUNDEUN &#8211; Koordynator Przedsi\u0119biorstwo &#8211; Fundacja Uniwersytetu w Alicante (FUNDEUN) jest organizacj\u0105 non-profit, kt\u00f3ra dzia\u0142a na rzecz budowania wi\u0119zi pomi\u0119dzy firmami z prowincji Alicante, a g\u0142\u00f3wnym uniwersytetem w tym regionie.&hellip;<\/p>\n","protected":false},"author":1,"featured_media":0,"parent":0,"menu_order":0,"comment_status":"closed","ping_status":"closed","template":"","meta":{"footnotes":""},"class_list":["post-76","page","type-page","status-publish","hentry"],"_links":{"self":[{"href":"https:\/\/act2impact.eu\/pl\/wp-json\/wp\/v2\/pages\/76","targetHints":{"allow":["GET"]}}],"collection":[{"href":"https:\/\/act2impact.eu\/pl\/wp-json\/wp\/v2\/pages"}],"about":[{"href":"https:\/\/act2impact.eu\/pl\/wp-json\/wp\/v2\/types\/page"}],"author":[{"embeddable":true,"href":"https:\/\/act2impact.eu\/pl\/wp-json\/wp\/v2\/users\/1"}],"replies":[{"embeddable":true,"href":"https:\/\/act2impact.eu\/pl\/wp-json\/wp\/v2\/comments?post=76"}],"version-history":[{"count":9,"href":"https:\/\/act2impact.eu\/pl\/wp-json\/wp\/v2\/pages\/76\/revisions"}],"predecessor-version":[{"id":173,"href":"https:\/\/act2impact.eu\/pl\/wp-json\/wp\/v2\/pages\/76\/revisions\/173"}],"wp:attachment":[{"href":"https:\/\/act2impact.eu\/pl\/wp-json\/wp\/v2\/media?parent=76"}],"curies":[{"name":"wp","href":"https:\/\/api.w.org\/{rel}","templated":true}]}}