{"id":76,"date":"2020-02-21T18:36:54","date_gmt":"2020-02-21T18:36:54","guid":{"rendered":"https:\/\/act2impact.eu\/?page_id=76"},"modified":"2020-04-17T14:52:03","modified_gmt":"2020-04-17T14:52:03","slug":"partnership","status":"publish","type":"page","link":"https:\/\/act2impact.eu\/it\/partnership\/","title":{"rendered":"Il partenariato"},"content":{"rendered":"<p><img decoding=\"async\" class=\" wp-image-77 aligncenter\" src=\"https:\/\/act2impact.eu\/wp-content\/uploads\/2020\/02\/Fundeun_logo-300x284.png\" alt=\"\" width=\"176\" height=\"167\" srcset=\"https:\/\/act2impact.eu\/wp-content\/uploads\/2020\/02\/Fundeun_logo-300x284.png 300w, https:\/\/act2impact.eu\/wp-content\/uploads\/2020\/02\/Fundeun_logo.png 764w\" sizes=\"(max-width: 176px) 100vw, 176px\" \/><\/p>\n<p><strong>FUNDEUN &#8211; Coordinatore<\/strong><\/p>\n<div class=\"partner-desc\">Enterprise &#8211; University of Alicante Foundation (FUNDEUN) \u00e8 un&#8217;organizzazione senza scopo di lucro che lavora costruendo ponti tra le societ\u00e0 della provincia di Alicante e la principale universit\u00e0 della zona. La fondazione mira a portare la conoscenza dell&#8217;Universit\u00e0 di Alicante (UA) alle aziende e l&#8217;esperienza delle imprese all&#8217;Universit\u00e0. Promuove anche l&#8217;innovazione e l&#8217;imprenditorialit\u00e0 in questo campo comune di conoscenza.<\/div>\n<hr \/>\n<div class=\"logo-title\">\n<p><img fetchpriority=\"high\" decoding=\"async\" class=\"size-medium wp-image-81 aligncenter\" src=\"https:\/\/act2impact.eu\/wp-content\/uploads\/2020\/02\/University-of-Thessaly_logo-300x210.png\" alt=\"\" width=\"300\" height=\"210\" srcset=\"https:\/\/act2impact.eu\/wp-content\/uploads\/2020\/02\/University-of-Thessaly_logo-300x210.png 300w, https:\/\/act2impact.eu\/wp-content\/uploads\/2020\/02\/University-of-Thessaly_logo-1024x716.png 1024w, https:\/\/act2impact.eu\/wp-content\/uploads\/2020\/02\/University-of-Thessaly_logo-768x537.png 768w, https:\/\/act2impact.eu\/wp-content\/uploads\/2020\/02\/University-of-Thessaly_logo-1536x1074.png 1536w, https:\/\/act2impact.eu\/wp-content\/uploads\/2020\/02\/University-of-Thessaly_logo.png 1564w\" sizes=\"(max-width: 300px) 100vw, 300px\" \/><\/p>\n<p><strong>University of Thessaly<\/strong><\/p>\n<\/div>\n<div class=\"partner-desc\">\n<p>L&#8217;Universit\u00e0 della Tessaglia, con 37 dipartimenti e 8 facolt\u00e0, \u00e8 un&#8217;universit\u00e0 con una propria identit\u00e0 e una posizione di rilievo nel sistema educativo nazionale. La missione principale dell&#8217;Universit\u00e0 della Tessaglia \u00e8 la promozione della conoscenza scientifica attraverso la ricerca e il contributo allo sviluppo culturale ed economico della comunit\u00e0 locale e della societ\u00e0 in generale. Essa \u00e8 nota per le sue eccellenti prestazioni di ricerca e risultati scientifici eccezionali, in conformit\u00e0 agli standard internazionali.<\/p>\n<p>Essendo una delle istituzioni centrali dell&#8217;Universit\u00e0 della Tessaglia, il Centro di Eduzione Internazionale (CIE) supporta tutti i principali processi dell&#8217;Universit\u00e0 e fornisce servizi di base e personalizzati per sistemare e unificare la formazione decentralizzata nei vari settori.<\/p><\/div>\n<hr \/>\n<div class=\"logo-title\">\n<p><img decoding=\"async\" class=\"size-medium wp-image-82 aligncenter\" src=\"https:\/\/act2impact.eu\/wp-content\/uploads\/2020\/02\/ED-Knowledge-Consulting_logo-300x114.png\" alt=\"\" width=\"300\" height=\"114\" srcset=\"https:\/\/act2impact.eu\/wp-content\/uploads\/2020\/02\/ED-Knowledge-Consulting_logo-300x114.png 300w, https:\/\/act2impact.eu\/wp-content\/uploads\/2020\/02\/ED-Knowledge-Consulting_logo-1024x388.png 1024w, https:\/\/act2impact.eu\/wp-content\/uploads\/2020\/02\/ED-Knowledge-Consulting_logo-768x291.png 768w, https:\/\/act2impact.eu\/wp-content\/uploads\/2020\/02\/ED-Knowledge-Consulting_logo.png 1199w\" sizes=\"(max-width: 300px) 100vw, 300px\" \/><\/p>\n<p><strong>E&amp;D Knowledge Consulting, Lda<\/strong><\/p>\n<\/div>\n<div class=\"partner-desc\">\n<p>E&amp;D Knowledge Consulting \u00e8 una societ\u00e0 di consulenza specializzata nei settori dell&#8217;innovazione e della gestione della conoscenza e dello sviluppo delle capacit\u00e0 per l&#8217;imprenditorialit\u00e0 e l&#8217;innovazione. Le principali linee di consulenza E&amp;D coprono strategie, tutoraggio e formazione per:<\/p>\n<ul>\n<li>Definizione di cultura per la creativit\u00e0 e l&#8217;innovazione,<\/li>\n<li>Sviluppo delle competenze richieste per l&#8217;innovazione e la creativit\u00e0 (tecniche di ideazione, pensiero critico, comportamenti collaborativi, mentalit\u00e0 innovativa ecc.),<\/li>\n<li>Modelli di business per l&#8217;innovazione e l&#8217;innovazione dei modelli di business,<\/li>\n<li>Co-creazione di innovazione e conoscenza (meccanismi, strumenti e strategie per l&#8217;innovazione collaborativa e il trasferimento di conoscenze),<\/li>\n<li>Valutazione e monitoraggio delle capacit\u00e0 di innovazione e necessit\u00e0 di miglioramenti.<\/li>\n<\/ul>\n<p>E&amp;D Knowledge Consulting mira a guidare lo sviluppo sociale ed economico attraverso la promozione di cittadini, lavoratori e leader pi\u00f9 innovativi, qualificati e coinvolti, nonch\u00e9 a sostenere la creazione e la crescita di innovazione e leader di mercato. Le nostre attivit\u00e0 riguardano workshop integrati, tutoraggio e coaching, consulenza e progetti<\/p><\/div>\n<hr \/>\n<div class=\"logo-title\">\n<p><img loading=\"lazy\" decoding=\"async\" class=\"size-medium wp-image-83 aligncenter\" src=\"https:\/\/act2impact.eu\/wp-content\/uploads\/2020\/02\/Danmar_logo-300x240.png\" alt=\"\" width=\"300\" height=\"240\" srcset=\"https:\/\/act2impact.eu\/wp-content\/uploads\/2020\/02\/Danmar_logo-300x240.png 300w, https:\/\/act2impact.eu\/wp-content\/uploads\/2020\/02\/Danmar_logo-768x613.png 768w, https:\/\/act2impact.eu\/wp-content\/uploads\/2020\/02\/Danmar_logo.png 983w\" sizes=\"(max-width: 300px) 100vw, 300px\" \/><\/p>\n<p><strong>Danmar Computers LLC<\/strong><\/p>\n<\/div>\n<div class=\"partner-desc\">Danmar Computers \u00e8 una societ\u00e0 privata che fornisce formazione professionale e soluzioni ICT per vari settori professionali e per tutte le et\u00e0. Oltre alla formazione, offre sviluppo di materiale didattico, consulenza e creazione di strumenti digitali innovativi, pagine Web personalizzate, applicazioni mobili, sistemi di e-learning e campagne Web. Le attivit\u00e0 di Danmar sono dirette a vari gruppi, offrendo programmi di formazione speciali e assistenza per migliorare la loro situazione, sia sul mercato del lavoro che in altre aree professionali.<\/div>\n<hr \/>\n<div class=\"logo-title\">\n<p><img loading=\"lazy\" decoding=\"async\" class=\"size-medium wp-image-84 aligncenter\" src=\"https:\/\/act2impact.eu\/wp-content\/uploads\/2020\/02\/EURO-NET_logo-page-001-300x94.jpg\" alt=\"\" width=\"300\" height=\"94\" srcset=\"https:\/\/act2impact.eu\/wp-content\/uploads\/2020\/02\/EURO-NET_logo-page-001-300x94.jpg 300w, https:\/\/act2impact.eu\/wp-content\/uploads\/2020\/02\/EURO-NET_logo-page-001-1024x322.jpg 1024w, https:\/\/act2impact.eu\/wp-content\/uploads\/2020\/02\/EURO-NET_logo-page-001-768x242.jpg 768w, https:\/\/act2impact.eu\/wp-content\/uploads\/2020\/02\/EURO-NET_logo-page-001-1536x484.jpg 1536w, https:\/\/act2impact.eu\/wp-content\/uploads\/2020\/02\/EURO-NET_logo-page-001.jpg 1594w\" sizes=\"(max-width: 300px) 100vw, 300px\" \/><\/p>\n<p><strong>EURO-NET<\/strong><\/p>\n<\/div>\n<div class=\"partner-desc\">\n<p>EURO-NET \u00e8 un&#8217;associazione senza scopo di lucro che \u00e8 membro o membro associato di 57 reti internazionali (5 di esse sono reti dell&#8217;UE: EUROPE DIRECT, EUROGUIDANCE, EURODESK, SOLVIT e EBN-EUROPEAN BUSINESS &amp; INNOVATION CENTRE NETWORK).<\/p>\n<p>EURO-NET ha 77 antenne proprie in 26 paesi diversi in Europa.<\/p>\n<p>EURO-NET offre a bambini, giovani e adulti questi servizi:<\/p>\n<ul>\n<li>centro informazioni e sviluppo progetti<\/li>\n<li>organizzazione di corsi di formazione, scambi e attivit\u00e0 culturali, artistiche o sportive<\/li>\n<li>studio di settore, ricerca<\/li>\n<li>consulenza, supporto alle crisi e prevenzione<\/li>\n<li>e-learning, networking, partenariati, corsi di formazione e workshop<\/li>\n<li>pubblicazioni, giornali e siti web.<\/li>\n<\/ul>\n<\/div>\n<p><\/p>","protected":false},"excerpt":{"rendered":"<p>FUNDEUN &#8211; Coordinatore Enterprise &#8211; University of Alicante Foundation (FUNDEUN) \u00e8 un&#8217;organizzazione senza scopo di lucro che lavora costruendo ponti tra le societ\u00e0 della provincia di Alicante e la principale&hellip;<\/p>\n","protected":false},"author":1,"featured_media":0,"parent":0,"menu_order":0,"comment_status":"closed","ping_status":"closed","template":"","meta":{"footnotes":""},"class_list":["post-76","page","type-page","status-publish","hentry"],"_links":{"self":[{"href":"https:\/\/act2impact.eu\/it\/wp-json\/wp\/v2\/pages\/76","targetHints":{"allow":["GET"]}}],"collection":[{"href":"https:\/\/act2impact.eu\/it\/wp-json\/wp\/v2\/pages"}],"about":[{"href":"https:\/\/act2impact.eu\/it\/wp-json\/wp\/v2\/types\/page"}],"author":[{"embeddable":true,"href":"https:\/\/act2impact.eu\/it\/wp-json\/wp\/v2\/users\/1"}],"replies":[{"embeddable":true,"href":"https:\/\/act2impact.eu\/it\/wp-json\/wp\/v2\/comments?post=76"}],"version-history":[{"count":9,"href":"https:\/\/act2impact.eu\/it\/wp-json\/wp\/v2\/pages\/76\/revisions"}],"predecessor-version":[{"id":173,"href":"https:\/\/act2impact.eu\/it\/wp-json\/wp\/v2\/pages\/76\/revisions\/173"}],"wp:attachment":[{"href":"https:\/\/act2impact.eu\/it\/wp-json\/wp\/v2\/media?parent=76"}],"curies":[{"name":"wp","href":"https:\/\/api.w.org\/{rel}","templated":true}]}}