{"id":238,"date":"2022-11-04T20:30:38","date_gmt":"2022-11-04T20:30:38","guid":{"rendered":"https:\/\/act2impact.eu\/?page_id=238"},"modified":"2022-11-05T18:41:59","modified_gmt":"2022-11-05T18:41:59","slug":"dissemination","status":"publish","type":"page","link":"https:\/\/act2impact.eu\/it\/dissemination\/","title":{"rendered":"Diffusione"},"content":{"rendered":"<p><div class='zwt-wp-lnk-prev compact' style='max-width:1024px;'><div class='zwt-wp-lnk-prev-img-container' style='max-width:300px;'><a class=\"\" href=\"https:\/\/www.facebook.com\/DanmarComputersEU\/posts\/pfbid0LP83xF87Xso8i9b8AQHt5h1UQG1jsb3rrTdhoYktgqYanWjEgwaPtRvwq2q829mWl\" target=_blank rel=\"noopener nofollow noreferrer\"><img class='zwt-wp-lnk-prev-img' src='?rest_route=\/zwt_wp_link_previewer\/v1\/img\/850e22540275236eb0788016ae51688a\/compact'><\/a><\/div>     <div class='zwt-wp-lnk-prev-texts'>            <div><a class=\"zwt-wp-lnk-prev-url-host\" href=\"https:\/\/www.facebook.com\/DanmarComputersEU\/posts\/pfbid0LP83xF87Xso8i9b8AQHt5h1UQG1jsb3rrTdhoYktgqYanWjEgwaPtRvwq2q829mWl\" target=_blank rel=\"noopener nofollow noreferrer\">www.facebook.com<\/a><\/div>        <a class=\"url zwt-wp-lnk-prev-title\" href=\"https:\/\/www.facebook.com\/DanmarComputersEU\/posts\/pfbid0LP83xF87Xso8i9b8AQHt5h1UQG1jsb3rrTdhoYktgqYanWjEgwaPtRvwq2q829mWl\" target=_blank rel=\"noopener nofollow noreferrer\">Danmar Computers<\/a>        <div class='zwt-wp-lnk-prev-desc'>Last week we met with partners from #Act2Impact project to make plans for final stretch of it, stay tuned and follow us for more information<\/div>             <\/div><\/div><br \/>\n<div class='zwt-wp-lnk-prev compact' style='max-width:1024px;'><div class='zwt-wp-lnk-prev-img-container' style='max-width:300px;'><a class=\"\" href=\"https:\/\/www.facebook.com\/DanmarComputersEU\/posts\/pfbid02AyHjE64N7LK9rbKgE4cpiA7DTyKutKC3vmsN1KL5YzFaQ5aAvJjdW2xNeAVYQiytl\" target=_blank rel=\"noopener nofollow noreferrer\"><img class='zwt-wp-lnk-prev-img' src='?rest_route=\/zwt_wp_link_previewer\/v1\/img\/507233095274c7aa43a4f9a587728c68\/compact'><\/a><\/div>     <div class='zwt-wp-lnk-prev-texts'>            <div><a class=\"zwt-wp-lnk-prev-url-host\" href=\"https:\/\/www.facebook.com\/DanmarComputersEU\/posts\/pfbid02AyHjE64N7LK9rbKgE4cpiA7DTyKutKC3vmsN1KL5YzFaQ5aAvJjdW2xNeAVYQiytl\" target=_blank rel=\"noopener nofollow noreferrer\">www.facebook.com<\/a><\/div>        <a class=\"url zwt-wp-lnk-prev-title\" href=\"https:\/\/www.facebook.com\/DanmarComputersEU\/posts\/pfbid02AyHjE64N7LK9rbKgE4cpiA7DTyKutKC3vmsN1KL5YzFaQ5aAvJjdW2xNeAVYQiytl\" target=_blank rel=\"noopener nofollow noreferrer\">Danmar Computers<\/a>        <div class='zwt-wp-lnk-prev-desc'>Next week partners from #Act2Impact project will meet in Volos, Greece. We will discuss some final activities in the project. To learn more visit our website<\/div>             <\/div><\/div><br \/>\n<div class='zwt-wp-lnk-prev compact' style='max-width:1024px;'><div class='zwt-wp-lnk-prev-img-container' style='max-width:300px;'><a class=\"\" href=\"https:\/\/www.facebook.com\/DanmarComputersEU\/posts\/pfbid0Tp2T2mxfbc9xNufHsU4A67XTN54NCMdv3hAebvpc21Fkm3jQPEK4VRPjCc59EJjol\" target=_blank rel=\"noopener nofollow noreferrer\"><img class='zwt-wp-lnk-prev-img' src='?rest_route=\/zwt_wp_link_previewer\/v1\/img\/04184137a0c9160a1502c6f0bae18d10\/compact'><\/a><\/div>     <div class='zwt-wp-lnk-prev-texts'>            <div><a class=\"zwt-wp-lnk-prev-url-host\" href=\"https:\/\/www.facebook.com\/DanmarComputersEU\/posts\/pfbid0Tp2T2mxfbc9xNufHsU4A67XTN54NCMdv3hAebvpc21Fkm3jQPEK4VRPjCc59EJjol\" target=_blank rel=\"noopener nofollow noreferrer\">www.facebook.com<\/a><\/div>        <a class=\"url zwt-wp-lnk-prev-title\" href=\"https:\/\/www.facebook.com\/DanmarComputersEU\/posts\/pfbid0Tp2T2mxfbc9xNufHsU4A67XTN54NCMdv3hAebvpc21Fkm3jQPEK4VRPjCc59EJjol\" target=_blank rel=\"noopener nofollow noreferrer\">Danmar Computers<\/a>        <div class='zwt-wp-lnk-prev-desc'>The Act2impact project is designed to develop an upskilling the skills of critical and creative thinking. Before our online learning platform will be available through project website, we want to...<\/div>             <\/div><\/div><br \/>\n<div class='zwt-wp-lnk-prev compact' style='max-width:1024px;'><div class='zwt-wp-lnk-prev-img-container' style='max-width:300px;'><a class=\"\" href=\"https:\/\/www.facebook.com\/DanmarComputersEU\/posts\/2977249652299165\" target=_blank rel=\"noopener nofollow noreferrer\"><img class='zwt-wp-lnk-prev-img' src='?rest_route=\/zwt_wp_link_previewer\/v1\/img\/8a511e40287c22233734bc90807fcc6f\/compact'><\/a><\/div>     <div class='zwt-wp-lnk-prev-texts'>            <div><a class=\"zwt-wp-lnk-prev-url-host\" href=\"https:\/\/www.facebook.com\/DanmarComputersEU\/posts\/2977249652299165\" target=_blank rel=\"noopener nofollow noreferrer\">www.facebook.com<\/a><\/div>        <a class=\"url zwt-wp-lnk-prev-title\" href=\"https:\/\/www.facebook.com\/DanmarComputersEU\/posts\/2977249652299165\" target=_blank rel=\"noopener nofollow noreferrer\">Danmar Computers<\/a>        <div class='zwt-wp-lnk-prev-desc'>KRYTYCZNE MY\u015aLENIE I KREATYWNO\u015a\u0106 - 2 po\u017c\u0105dane cechy w dzisiejszych czasach - czyli projekt ACT2IMPACT! Znajdziesz nas tutaj: https:\/\/www.facebook.com\/Act2impact-101666948045902\/ a wi\u0119cej ...<\/div>             <\/div><\/div><br \/>\n<div class='zwt-wp-lnk-prev compact' style='max-width:1024px;'><div class='zwt-wp-lnk-prev-img-container' style='max-width:300px;'><a class=\"\" href=\"https:\/\/danmar-computers.com.pl\/en\/wydarzenia\/act2impact-1-spotkanie-w-alicante\/\" target=_blank rel=\"noopener nofollow noreferrer\"><img class='zwt-wp-lnk-prev-img' src='?rest_route=\/zwt_wp_link_previewer\/v1\/img\/31910e765eee47a735738ae3137eb607\/compact'><\/a><\/div>     <div class='zwt-wp-lnk-prev-texts'>            <div><a class=\"zwt-wp-lnk-prev-url-host\" href=\"https:\/\/danmar-computers.com.pl\/en\/wydarzenia\/act2impact-1-spotkanie-w-alicante\/\" target=_blank rel=\"noopener nofollow noreferrer\">danmar-computers.com.pl<\/a><\/div>        <a class=\"url zwt-wp-lnk-prev-title\" href=\"https:\/\/danmar-computers.com.pl\/en\/wydarzenia\/act2impact-1-spotkanie-w-alicante\/\" target=_blank rel=\"noopener nofollow noreferrer\">ACT2IMPACT \u2013 1st meeting in Alicante - Danmar Computers<\/a>        <div class='zwt-wp-lnk-prev-desc'>The first project meeting took place in Alicante, Spain. The partners met on 13-14. 01. 2020 to discuss and take concrete actions to implement the ACT2IMPACT project, which aims to develop an ...<\/div>             <\/div><\/div><br \/>\n<div class='zwt-wp-lnk-prev compact' style='max-width:1024px;'><div class='zwt-wp-lnk-prev-img-container' style='max-width:300px;'><a class=\"\" href=\"https:\/\/danmar-computers.com.pl\/wydarzenia\/act2impact-1-spotkanie-w-alicante\/\" target=_blank rel=\"noopener nofollow noreferrer\"><img class='zwt-wp-lnk-prev-img' src='?rest_route=\/zwt_wp_link_previewer\/v1\/img\/9bcea481e2dcbfcff44cbf8b19b879ad\/compact'><\/a><\/div>     <div class='zwt-wp-lnk-prev-texts'>            <div><a class=\"zwt-wp-lnk-prev-url-host\" href=\"https:\/\/danmar-computers.com.pl\/wydarzenia\/act2impact-1-spotkanie-w-alicante\/\" target=_blank rel=\"noopener nofollow noreferrer\">danmar-computers.com.pl<\/a><\/div>        <a class=\"url zwt-wp-lnk-prev-title\" href=\"https:\/\/danmar-computers.com.pl\/wydarzenia\/act2impact-1-spotkanie-w-alicante\/\" target=_blank rel=\"noopener nofollow noreferrer\">ACT2IMPACT \u2013 1 spotkanie w Alicante - Danmar Computers<\/a>        <div class='zwt-wp-lnk-prev-desc'>Pierwsze spotkanie w ramach projektu odby\u0142o si\u0119 w Alicante, w Hiszpanii. Partnerzy spotkali si\u0119 w dniach 13-14.01.2020, aby om\u00f3wi\u0107 i podj\u0105\u0107 konkretne dzia\u0142ania w realizacji projektu ...<\/div>             <\/div><\/div><br \/>\n<div class='zwt-wp-lnk-prev compact' style='max-width:1024px;'><div class='zwt-wp-lnk-prev-img-container' style='max-width:300px;'><a class=\"\" href=\"https:\/\/danmar-computers.com.pl\/projekty-realizowane\/eu\/act2impact-development-of-critical-and-creative-thinking-skills-to-foster-employment-and-impact-success-in-job\/\" target=_blank rel=\"noopener nofollow noreferrer\"><img class='zwt-wp-lnk-prev-img' src='?rest_route=\/zwt_wp_link_previewer\/v1\/img\/cdcc913b086ed24133b4d2dc2d4780d1\/compact'><\/a><\/div>     <div class='zwt-wp-lnk-prev-texts'>            <div><a class=\"zwt-wp-lnk-prev-url-host\" href=\"https:\/\/danmar-computers.com.pl\/projekty-realizowane\/eu\/act2impact-development-of-critical-and-creative-thinking-skills-to-foster-employment-and-impact-success-in-job\/\" target=_blank rel=\"noopener nofollow noreferrer\">danmar-computers.com.pl<\/a><\/div>        <a class=\"url zwt-wp-lnk-prev-title\" href=\"https:\/\/danmar-computers.com.pl\/projekty-realizowane\/eu\/act2impact-development-of-critical-and-creative-thinking-skills-to-foster-employment-and-impact-success-in-job\/\" target=_blank rel=\"noopener nofollow noreferrer\">ACT2IMPACT - Development of Critical and Creative Thinking Skills to Foster Employment and Impact ...<\/a>        <div class='zwt-wp-lnk-prev-desc'>ACT2IMPACT \u2013 Development of Critical and Creative Thinking Skills to Foster Employment and Impact Success in Job Numer projektu: 2019-1-ES01-KA204-065216 Czas realizacji: 01.09.2019 \u2013 31.10.2021 ...<\/div>             <\/div><\/div><br \/>\n<div class='zwt-wp-lnk-prev compact' style='max-width:1024px;'><div class='zwt-wp-lnk-prev-img-container' style='max-width:300px;'><a class=\"\" href=\"https:\/\/danmar-computers.com.pl\/en\/projekty-realizowane\/eu\/act2impact-development-of-critical-and-creative-thinking-skills-to-foster-employment-and-impact-success-in-job\/\" target=_blank rel=\"noopener nofollow noreferrer\"><img class='zwt-wp-lnk-prev-img' src='?rest_route=\/zwt_wp_link_previewer\/v1\/img\/206f7807cdaeb1e334d553bde80006a9\/compact'><\/a><\/div>     <div class='zwt-wp-lnk-prev-texts'>            <div><a class=\"zwt-wp-lnk-prev-url-host\" href=\"https:\/\/danmar-computers.com.pl\/en\/projekty-realizowane\/eu\/act2impact-development-of-critical-and-creative-thinking-skills-to-foster-employment-and-impact-success-in-job\/\" target=_blank rel=\"noopener nofollow noreferrer\">danmar-computers.com.pl<\/a><\/div>        <a class=\"url zwt-wp-lnk-prev-title\" href=\"https:\/\/danmar-computers.com.pl\/en\/projekty-realizowane\/eu\/act2impact-development-of-critical-and-creative-thinking-skills-to-foster-employment-and-impact-success-in-job\/\" target=_blank rel=\"noopener nofollow noreferrer\">ACT2IMPACT - Development of Critical and Creative Thinking Skills to Foster Employment and Impact ...<\/a>        <div class='zwt-wp-lnk-prev-desc'>ACT2IMPACT \u2013 Development of Critical and Creative Thinking Skills to Foster Employment and Impact Success in Job Project number: 2019-1-ES01-KA204-065216 Implementation period: 01.09.2019 \u2013 ...<\/div>             <\/div><\/div><br \/>\n<div class='zwt-wp-lnk-prev compact' style='max-width:1024px;'><div class='zwt-wp-lnk-prev-img-container' style='max-width:300px;'><a class=\"\" href=\"https:\/\/www.facebook.com\/EDKnowledgeConsulting\/posts\/pfbid0qyhdfmo8C4ZJSumofBWhJASko9PuLvN91cwVpCuLFLXNtFoETysyviHtQ9fT1zP3l\" target=_blank rel=\"noopener nofollow noreferrer\"><img class='zwt-wp-lnk-prev-img empty'><\/a><\/div>     <div class='zwt-wp-lnk-prev-texts'>            <div><a class=\"zwt-wp-lnk-prev-url-host\" href=\"https:\/\/www.facebook.com\/EDKnowledgeConsulting\/posts\/pfbid0qyhdfmo8C4ZJSumofBWhJASko9PuLvN91cwVpCuLFLXNtFoETysyviHtQ9fT1zP3l\" target=_blank rel=\"noopener nofollow noreferrer\">www.facebook.com<\/a><\/div>        <a class=\"url zwt-wp-lnk-prev-title\" href=\"https:\/\/www.facebook.com\/EDKnowledgeConsulting\/posts\/pfbid0qyhdfmo8C4ZJSumofBWhJASko9PuLvN91cwVpCuLFLXNtFoETysyviHtQ9fT1zP3l\" target=_blank rel=\"noopener nofollow noreferrer\">Entra o reg\u00edstrate para verlo<\/a>        <div class='zwt-wp-lnk-prev-desc'>Ve publicaciones, fotos y mucho m\u00e1s en Facebook.<\/div>             <\/div><\/div><br \/>\n<div class='zwt-wp-lnk-prev compact' style='max-width:1024px;'><div class='zwt-wp-lnk-prev-img-container' style='max-width:300px;'><a class=\"\" href=\"https:\/\/www.facebook.com\/imbesi.antonino\/posts\/pfbid02nvZXHpiWwnbH3DnxB527B4LTkBiJjM88yupe5Zo7w2cKmy33RdzAzSs29J2DzDH2l\" target=_blank rel=\"noopener nofollow noreferrer\"><img class='zwt-wp-lnk-prev-img empty'><\/a><\/div>     <div class='zwt-wp-lnk-prev-texts'>            <div><a class=\"zwt-wp-lnk-prev-url-host\" href=\"https:\/\/www.facebook.com\/imbesi.antonino\/posts\/pfbid02nvZXHpiWwnbH3DnxB527B4LTkBiJjM88yupe5Zo7w2cKmy33RdzAzSs29J2DzDH2l\" target=_blank rel=\"noopener nofollow noreferrer\">www.facebook.com<\/a><\/div>        <a class=\"url zwt-wp-lnk-prev-title\" href=\"https:\/\/www.facebook.com\/imbesi.antonino\/posts\/pfbid02nvZXHpiWwnbH3DnxB527B4LTkBiJjM88yupe5Zo7w2cKmy33RdzAzSs29J2DzDH2l\" target=_blank rel=\"noopener nofollow noreferrer\">Entra o reg\u00edstrate para verlo<\/a>        <div class='zwt-wp-lnk-prev-desc'>Ve publicaciones, fotos y mucho m\u00e1s en Facebook.<\/div>             <\/div><\/div><br \/>\n<div class='zwt-wp-lnk-prev compact' style='max-width:1024px;'><div class='zwt-wp-lnk-prev-img-container' style='max-width:300px;'><a class=\"\" href=\"https:\/\/www.facebook.com\/EDKnowledgeConsulting\/posts\/pfbid027uQBRwLvLsR4tDWbQWf4eXzaGnPLA2UQM8uqN4EvDoyeUNhFTjAAMjD8FhPVySRKl\" target=_blank rel=\"noopener nofollow noreferrer\"><img class='zwt-wp-lnk-prev-img empty'><\/a><\/div>     <div class='zwt-wp-lnk-prev-texts'>            <div><a class=\"zwt-wp-lnk-prev-url-host\" href=\"https:\/\/www.facebook.com\/EDKnowledgeConsulting\/posts\/pfbid027uQBRwLvLsR4tDWbQWf4eXzaGnPLA2UQM8uqN4EvDoyeUNhFTjAAMjD8FhPVySRKl\" target=_blank rel=\"noopener nofollow noreferrer\">www.facebook.com<\/a><\/div>        <a class=\"url zwt-wp-lnk-prev-title\" href=\"https:\/\/www.facebook.com\/EDKnowledgeConsulting\/posts\/pfbid027uQBRwLvLsR4tDWbQWf4eXzaGnPLA2UQM8uqN4EvDoyeUNhFTjAAMjD8FhPVySRKl\" target=_blank rel=\"noopener nofollow noreferrer\">Entra o reg\u00edstrate para verlo<\/a>        <div class='zwt-wp-lnk-prev-desc'>Ve publicaciones, fotos y mucho m\u00e1s en Facebook.<\/div>             <\/div><\/div><br \/>\n<div class='zwt-wp-lnk-prev compact' style='max-width:1024px;'><div class='zwt-wp-lnk-prev-img-container' style='max-width:300px;'><a class=\"\" href=\"https:\/\/www.facebook.com\/daniela.marta.5\/posts\/pfbid02qdPSS69yvXAeXcegSKwhaa3pQj4GJW8hZFLwgbYHnw95R22WUuxSVpCNJKP8YFHel\" target=_blank rel=\"noopener nofollow noreferrer\"><img class='zwt-wp-lnk-prev-img empty'><\/a><\/div>     <div class='zwt-wp-lnk-prev-texts'>            <div><a class=\"zwt-wp-lnk-prev-url-host\" href=\"https:\/\/www.facebook.com\/daniela.marta.5\/posts\/pfbid02qdPSS69yvXAeXcegSKwhaa3pQj4GJW8hZFLwgbYHnw95R22WUuxSVpCNJKP8YFHel\" target=_blank rel=\"noopener nofollow noreferrer\">www.facebook.com<\/a><\/div>        <a class=\"url zwt-wp-lnk-prev-title\" href=\"https:\/\/www.facebook.com\/daniela.marta.5\/posts\/pfbid02qdPSS69yvXAeXcegSKwhaa3pQj4GJW8hZFLwgbYHnw95R22WUuxSVpCNJKP8YFHel\" target=_blank rel=\"noopener nofollow noreferrer\">Entra o reg\u00edstrate para verlo<\/a>        <div class='zwt-wp-lnk-prev-desc'>Ve publicaciones, fotos y mucho m\u00e1s en Facebook.<\/div>             <\/div><\/div><br \/>\n<div class='zwt-wp-lnk-prev compact' style='max-width:1024px;'><div class='zwt-wp-lnk-prev-img-container' style='max-width:300px;'><a class=\"\" href=\"https:\/\/www.facebook.com\/profile.php?id=100039183385746\" target=_blank rel=\"noopener nofollow noreferrer\"><img class='zwt-wp-lnk-prev-img' src='?rest_route=\/zwt_wp_link_previewer\/v1\/img\/2b6b2f3a3e1f60ac4646ee94a4280b95\/compact'><\/a><\/div>     <div class='zwt-wp-lnk-prev-texts'>            <div><a class=\"zwt-wp-lnk-prev-url-host\" href=\"https:\/\/www.facebook.com\/profile.php?id=100039183385746\" target=_blank rel=\"noopener nofollow noreferrer\">www.facebook.com<\/a><\/div>        <a class=\"url zwt-wp-lnk-prev-title\" href=\"https:\/\/www.facebook.com\/profile.php?id=100039183385746\" target=_blank rel=\"noopener nofollow noreferrer\">Act2impact<\/a>        <div class='zwt-wp-lnk-prev-desc'>Act2impact. 316 Me gusta \u00b7 1 personas est\u00e1n hablando de esto. This is the official Facebook page of the project ACT2IMPACT cofinanced by Erasmus Plus programme - KA2 Strategic Partnerships for ...<\/div>             <\/div><\/div><br \/>\n<div class='zwt-wp-lnk-prev compact' style='max-width:1024px;'><div class='zwt-wp-lnk-prev-img-container' style='max-width:300px;'><a class=\"\" href=\"http:\/\/cie.uth.gr\/current-projects\/erasmus-strategic-partnerships\/\" target=_blank rel=\"noopener nofollow noreferrer\"><img class='zwt-wp-lnk-prev-img empty'><\/a><\/div>     <div class='zwt-wp-lnk-prev-texts'>            <div><a class=\"zwt-wp-lnk-prev-url-host\" href=\"http:\/\/cie.uth.gr\/current-projects\/erasmus-strategic-partnerships\/\" target=_blank rel=\"noopener nofollow noreferrer\">cie.uth.gr<\/a><\/div>        <a class=\"url zwt-wp-lnk-prev-title\" href=\"http:\/\/cie.uth.gr\/current-projects\/erasmus-strategic-partnerships\/\" target=_blank rel=\"noopener nofollow noreferrer\">ERASMUS+ STRATEGIC PARTNERSHIPS \u2013 Center for International Education (CIE)<\/a>        <div class='zwt-wp-lnk-prev-desc'><\/div>             <\/div><\/div><br \/>\n<div class='zwt-wp-lnk-prev compact' style='max-width:1024px;'><div class='zwt-wp-lnk-prev-img-container' style='max-width:300px;'><a class=\"\" href=\"https:\/\/www.facebook.com\/elena.vezali\/posts\/10218909492227263\" target=_blank rel=\"noopener nofollow noreferrer\"><img class='zwt-wp-lnk-prev-img empty'><\/a><\/div>     <div class='zwt-wp-lnk-prev-texts'>            <div><a class=\"zwt-wp-lnk-prev-url-host\" href=\"https:\/\/www.facebook.com\/elena.vezali\/posts\/10218909492227263\" target=_blank rel=\"noopener nofollow noreferrer\">www.facebook.com<\/a><\/div>        <a class=\"url zwt-wp-lnk-prev-title\" href=\"https:\/\/www.facebook.com\/elena.vezali\/posts\/10218909492227263\" target=_blank rel=\"noopener nofollow noreferrer\">Entra o reg\u00edstrate para verlo<\/a>        <div class='zwt-wp-lnk-prev-desc'>Ve publicaciones, fotos y mucho m\u00e1s en Facebook.<\/div>             <\/div><\/div><\/p>\n","protected":false},"excerpt":{"rendered":"","protected":false},"author":1,"featured_media":0,"parent":0,"menu_order":0,"comment_status":"closed","ping_status":"closed","template":"","meta":{"footnotes":""},"class_list":["post-238","page","type-page","status-publish","hentry"],"_links":{"self":[{"href":"https:\/\/act2impact.eu\/it\/wp-json\/wp\/v2\/pages\/238","targetHints":{"allow":["GET"]}}],"collection":[{"href":"https:\/\/act2impact.eu\/it\/wp-json\/wp\/v2\/pages"}],"about":[{"href":"https:\/\/act2impact.eu\/it\/wp-json\/wp\/v2\/types\/page"}],"author":[{"embeddable":true,"href":"https:\/\/act2impact.eu\/it\/wp-json\/wp\/v2\/users\/1"}],"replies":[{"embeddable":true,"href":"https:\/\/act2impact.eu\/it\/wp-json\/wp\/v2\/comments?post=238"}],"version-history":[{"count":25,"href":"https:\/\/act2impact.eu\/it\/wp-json\/wp\/v2\/pages\/238\/revisions"}],"predecessor-version":[{"id":299,"href":"https:\/\/act2impact.eu\/it\/wp-json\/wp\/v2\/pages\/238\/revisions\/299"}],"wp:attachment":[{"href":"https:\/\/act2impact.eu\/it\/wp-json\/wp\/v2\/media?parent=238"}],"curies":[{"name":"wp","href":"https:\/\/api.w.org\/{rel}","templated":true}]}}