{"id":76,"date":"2020-02-21T18:36:54","date_gmt":"2020-02-21T18:36:54","guid":{"rendered":"https:\/\/act2impact.eu\/?page_id=76"},"modified":"2020-04-17T14:52:03","modified_gmt":"2020-04-17T14:52:03","slug":"partnership","status":"publish","type":"page","link":"https:\/\/act2impact.eu\/es\/partnership\/","title":{"rendered":"El Partenariado"},"content":{"rendered":"<p><img decoding=\"async\" class=\" wp-image-77 aligncenter\" src=\"https:\/\/act2impact.eu\/wp-content\/uploads\/2020\/02\/Fundeun_logo-300x284.png\" alt=\"\" width=\"176\" height=\"167\" srcset=\"https:\/\/act2impact.eu\/wp-content\/uploads\/2020\/02\/Fundeun_logo-300x284.png 300w, https:\/\/act2impact.eu\/wp-content\/uploads\/2020\/02\/Fundeun_logo.png 764w\" sizes=\"(max-width: 176px) 100vw, 176px\" \/><\/p>\n<p><strong>FUNDEUN &#8211; Coordinador<br \/>\n<\/strong><\/p>\n<div class=\"partner-desc\">Fundaci\u00f3n Empresa Universidad de Alicante (FUNDEUN) es una entidad sin \u00e1nimo de lucro que trabaja tendiendo puentes entre las empresas de la provincia de Alicante y la principal universidad de la misma. La fundaci\u00f3n trabaja llevando el conocimiento de la Universidad de Alicante (UA) a las empresas y la experiencia de estas \u00faltimas a la Universidad. FUNDEUN promueve tambi\u00e9n la innovaci\u00f3n y el emprendimiento en este com\u00fan campo del conocimiento.<\/div>\n<hr \/>\n<div class=\"logo-title\">\n<p><img fetchpriority=\"high\" decoding=\"async\" class=\"size-medium wp-image-81 aligncenter\" src=\"https:\/\/act2impact.eu\/wp-content\/uploads\/2020\/02\/University-of-Thessaly_logo-300x210.png\" alt=\"\" width=\"300\" height=\"210\" srcset=\"https:\/\/act2impact.eu\/wp-content\/uploads\/2020\/02\/University-of-Thessaly_logo-300x210.png 300w, https:\/\/act2impact.eu\/wp-content\/uploads\/2020\/02\/University-of-Thessaly_logo-1024x716.png 1024w, https:\/\/act2impact.eu\/wp-content\/uploads\/2020\/02\/University-of-Thessaly_logo-768x537.png 768w, https:\/\/act2impact.eu\/wp-content\/uploads\/2020\/02\/University-of-Thessaly_logo-1536x1074.png 1536w, https:\/\/act2impact.eu\/wp-content\/uploads\/2020\/02\/University-of-Thessaly_logo.png 1564w\" sizes=\"(max-width: 300px) 100vw, 300px\" \/><\/p>\n<p><strong>Universidad de Tesalia<\/strong><\/p>\n<\/div>\n<div class=\"partner-desc\">\n<p>La Universidad de Tesalia, con 37 departamentos y 8 facultades es una universidad con identidad propia y con una posici\u00f3n prominente en el sistema educativo griego. La principal misi\u00f3n de la Universidad de Tesalia es la promoci\u00f3n del conocimiento cient\u00edfico a trav\u00e9s de la investigaci\u00f3n y la contribuci\u00f3n al desarrollo cultural y econ\u00f3mico local y de una amplia parte de la sociedad. Es una universidad conocida por su excelente labor en investigaci\u00f3n y relevantes logros cient\u00edficos, de acuerdo con las normas internacionales.<\/p>\n<p>El Centro de Educaci\u00f3n Internacional (CIE) es una de las instituciones centrales de la Universidad de Tesalia, y como tal recoge todos los procesos principales de la Universidad y provee tanto servicios b\u00e1sicos como individualmente dise\u00f1ados para sistematizar y unificar la formaci\u00f3n descentralizada en los diferentes campos.<\/p><\/div>\n<hr \/>\n<div class=\"logo-title\">\n<p><img decoding=\"async\" class=\"size-medium wp-image-82 aligncenter\" src=\"https:\/\/act2impact.eu\/wp-content\/uploads\/2020\/02\/ED-Knowledge-Consulting_logo-300x114.png\" alt=\"\" width=\"300\" height=\"114\" srcset=\"https:\/\/act2impact.eu\/wp-content\/uploads\/2020\/02\/ED-Knowledge-Consulting_logo-300x114.png 300w, https:\/\/act2impact.eu\/wp-content\/uploads\/2020\/02\/ED-Knowledge-Consulting_logo-1024x388.png 1024w, https:\/\/act2impact.eu\/wp-content\/uploads\/2020\/02\/ED-Knowledge-Consulting_logo-768x291.png 768w, https:\/\/act2impact.eu\/wp-content\/uploads\/2020\/02\/ED-Knowledge-Consulting_logo.png 1199w\" sizes=\"(max-width: 300px) 100vw, 300px\" \/><\/p>\n<p><strong>E&amp;D Knowledge Consulting<\/strong><\/p>\n<\/div>\n<div class=\"partner-desc\">\n<p>E&amp;D Knowledge Consulting es una empresa consultora especializada en las \u00e1reas de innovaci\u00f3n y gesti\u00f3n del conocimiento y desarrollo de capacidades para el emprendimiento y la innovaci\u00f3n. Las principales l\u00edneas de consultor\u00eda de E&amp;D cubren estrategias, mentoring y formaci\u00f3n para:<\/p>\n<ul>\n<li>Establecimiento de una cultura para la creatividad y la innovaci\u00f3n<\/li>\n<li>Formaci\u00f3n de capacidades necesarias en la innovaci\u00f3n y la creatividad (t\u00e9cnicas de ideaci\u00f3n, pensamiento cr\u00edtico, comportamientos colaborativos, mentalidad innovadora, etc.)<\/li>\n<li>Modelos de negocio para la innovaci\u00f3n e innovaci\u00f3n en modelos de negocio<\/li>\n<li>Co-creaci\u00f3n de innovaci\u00f3n y conocimiento (mecanismos, herramientas y estrategias para la innovaci\u00f3n colaborativa y la transferencia de conocimiento)<\/li>\n<li>Evaluaci\u00f3n y monitorizaci\u00f3n de las capacidades innovadoras y las necesidades de mejora<\/li>\n<\/ul>\n<p>E&amp;D Knowledge Consulting pretende pilotar el desarrollo social y econ\u00f3mico a trav\u00e9s del fomento de una ciudadan\u00eda y unos trabajadores y l\u00edderes m\u00e1s innovadores, capacitados y conectados y apoyar la creaci\u00f3n y el crecimiento de la innovaci\u00f3n y los l\u00edderes en el mercado. Sus actividades cubren talleres integrados, mentoring y coaching, consultor\u00eda y proyectos.<\/p><\/div>\n<hr \/>\n<div class=\"logo-title\">\n<p><img loading=\"lazy\" decoding=\"async\" class=\"size-medium wp-image-83 aligncenter\" src=\"https:\/\/act2impact.eu\/wp-content\/uploads\/2020\/02\/Danmar_logo-300x240.png\" alt=\"\" width=\"300\" height=\"240\" srcset=\"https:\/\/act2impact.eu\/wp-content\/uploads\/2020\/02\/Danmar_logo-300x240.png 300w, https:\/\/act2impact.eu\/wp-content\/uploads\/2020\/02\/Danmar_logo-768x613.png 768w, https:\/\/act2impact.eu\/wp-content\/uploads\/2020\/02\/Danmar_logo.png 983w\" sizes=\"(max-width: 300px) 100vw, 300px\" \/><\/p>\n<p><strong>Danmar Computers LLC<\/strong><\/p>\n<\/div>\n<div class=\"partner-desc\">Danmar Computers es una empresa privada que ofrece formaci\u00f3n y soluciones TIC para diferentes sectores profesionales y de todos los grupos de edad. Adem\u00e1s de formaci\u00f3n, ofrece desarrollo material de cursos, asesoramiento y creaci\u00f3n de herramientas digitales innovadoras, p\u00e1ginas web personalizadas, aplicaciones m\u00f3viles, sistemas de aprendizaje online y campa\u00f1as web. Las actividades de Danmar se dirigen a diferentes grupos, ofreciendo programas de formaci\u00f3n especiales y asistencia en mejorar la situaci\u00f3n ya sea en el mercado laboral o en otras \u00e1reas profesionales.<\/div>\n<hr \/>\n<div class=\"logo-title\">\n<p><img loading=\"lazy\" decoding=\"async\" class=\"size-medium wp-image-84 aligncenter\" src=\"https:\/\/act2impact.eu\/wp-content\/uploads\/2020\/02\/EURO-NET_logo-page-001-300x94.jpg\" alt=\"\" width=\"300\" height=\"94\" srcset=\"https:\/\/act2impact.eu\/wp-content\/uploads\/2020\/02\/EURO-NET_logo-page-001-300x94.jpg 300w, https:\/\/act2impact.eu\/wp-content\/uploads\/2020\/02\/EURO-NET_logo-page-001-1024x322.jpg 1024w, https:\/\/act2impact.eu\/wp-content\/uploads\/2020\/02\/EURO-NET_logo-page-001-768x242.jpg 768w, https:\/\/act2impact.eu\/wp-content\/uploads\/2020\/02\/EURO-NET_logo-page-001-1536x484.jpg 1536w, https:\/\/act2impact.eu\/wp-content\/uploads\/2020\/02\/EURO-NET_logo-page-001.jpg 1594w\" sizes=\"(max-width: 300px) 100vw, 300px\" \/><\/p>\n<p><strong>EURO-NET<\/strong><\/p>\n<\/div>\n<div class=\"partner-desc\">\n<p>EURO-NET es una asociaci\u00f3n sin \u00e1nimo de lucro que pertenece a 57 redes internacionales (5 en la UE: EUROPE DIRECT, EUROGUIDANCE, EURODESK, SOLVIT and EBN-EUROPEAN BUSINESS &amp; INNOVATION CENTRE NETWORK)<\/p>\n<p>EURO-NET tiene 77 antenas propias en 26 diferentes pa\u00edses de Europa.<\/p>\n<p>EURO-NET ofrece a ni\u00f1os, j\u00f3venes y adultos los servicios siguientes:<\/p>\n<ul>\n<li>centro de informaci\u00f3n y desarrollo de proyectos<\/li>\n<li>organizaci\u00f3n de cursos de formaci\u00f3n, intercambios y actividades culturales art\u00edsticas o deportivas<\/li>\n<li>estudio de sectores, investigaci\u00f3n<\/li>\n<li>formaci\u00f3n online, red de contactos, partenariados, cursos de formaci\u00f3n y talleres<\/li>\n<li>publicaciones, peri\u00f3dicos y sitios web<\/li>\n<\/ul>\n<\/div>\n<p><\/p>","protected":false},"excerpt":{"rendered":"<p>FUNDEUN &#8211; Coordinador Fundaci\u00f3n Empresa Universidad de Alicante (FUNDEUN) es una entidad sin \u00e1nimo de lucro que trabaja tendiendo puentes entre las empresas de la provincia de Alicante y la&hellip;<\/p>\n","protected":false},"author":1,"featured_media":0,"parent":0,"menu_order":0,"comment_status":"closed","ping_status":"closed","template":"","meta":{"footnotes":""},"class_list":["post-76","page","type-page","status-publish","hentry"],"_links":{"self":[{"href":"https:\/\/act2impact.eu\/es\/wp-json\/wp\/v2\/pages\/76","targetHints":{"allow":["GET"]}}],"collection":[{"href":"https:\/\/act2impact.eu\/es\/wp-json\/wp\/v2\/pages"}],"about":[{"href":"https:\/\/act2impact.eu\/es\/wp-json\/wp\/v2\/types\/page"}],"author":[{"embeddable":true,"href":"https:\/\/act2impact.eu\/es\/wp-json\/wp\/v2\/users\/1"}],"replies":[{"embeddable":true,"href":"https:\/\/act2impact.eu\/es\/wp-json\/wp\/v2\/comments?post=76"}],"version-history":[{"count":9,"href":"https:\/\/act2impact.eu\/es\/wp-json\/wp\/v2\/pages\/76\/revisions"}],"predecessor-version":[{"id":173,"href":"https:\/\/act2impact.eu\/es\/wp-json\/wp\/v2\/pages\/76\/revisions\/173"}],"wp:attachment":[{"href":"https:\/\/act2impact.eu\/es\/wp-json\/wp\/v2\/media?parent=76"}],"curies":[{"name":"wp","href":"https:\/\/api.w.org\/{rel}","templated":true}]}}