{"id":51,"date":"2020-02-21T17:46:28","date_gmt":"2020-02-21T17:46:28","guid":{"rendered":"https:\/\/act2impact.eu\/?page_id=51"},"modified":"2022-11-08T18:49:36","modified_gmt":"2022-11-08T18:49:36","slug":"elementor-51","status":"publish","type":"page","link":"https:\/\/act2impact.eu\/es\/","title":{"rendered":"Home"},"content":{"rendered":"\t\t<div data-elementor-type=\"wp-post\" data-elementor-id=\"51\" class=\"elementor elementor-51\">\n\t\t\t\t\t\t\t\t\t<section class=\"elementor-section elementor-top-section elementor-element elementor-element-2b1ed0a elementor-section-boxed elementor-section-height-default elementor-section-height-default\" data-id=\"2b1ed0a\" data-element_type=\"section\">\n\t\t\t\t\t\t<div class=\"elementor-container elementor-column-gap-default\">\n\t\t\t\t\t<div class=\"elementor-column elementor-col-100 elementor-top-column elementor-element elementor-element-5076dbf\" data-id=\"5076dbf\" data-element_type=\"column\">\n\t\t\t<div class=\"elementor-widget-wrap elementor-element-populated\">\n\t\t\t\t\t\t\t\t<div class=\"elementor-element elementor-element-f208269 elementor-widget elementor-widget-text-editor\" data-id=\"f208269\" data-element_type=\"widget\" data-widget_type=\"text-editor.default\">\n\t\t\t\t<div class=\"elementor-widget-container\">\n\t\t\t\t\t\t\t<h3><\/h3><h3><\/h3><h3><\/h3><h3>El proyecto ACT2IMPACT ha afrontado el vac\u00edo existente entre el conjunto de habilidades transversales adquiridas por los adultos j\u00f3venes prepar\u00e1ndose a entrar en el mercado laboral y las necesidades actualmente demandadas por las empresas.<\/h3><h3>De hecho, el sistema tradicional de educaci\u00f3n est\u00e1 cambiando a un ritmo muy lento y se necesitan con urgencia soluciones para apoyar a los j\u00f3venes a encarar los retos de un mercado de trabajo muy cambiante.<\/h3><h3><\/h3><h3><\/h3><h3><\/h3>\t\t\t\t\t\t<\/div>\n\t\t\t\t<\/div>\n\t\t\t\t\t<\/div>\n\t\t<\/div>\n\t\t\t\t\t\t\t<\/div>\n\t\t<\/section>\n\t\t\t\t<section class=\"elementor-section elementor-top-section elementor-element elementor-element-8bbf91b elementor-section-boxed elementor-section-height-default elementor-section-height-default\" data-id=\"8bbf91b\" data-element_type=\"section\">\n\t\t\t\t\t\t<div class=\"elementor-container elementor-column-gap-default\">\n\t\t\t\t\t<div class=\"elementor-column elementor-col-100 elementor-top-column elementor-element elementor-element-a0be79c\" data-id=\"a0be79c\" data-element_type=\"column\">\n\t\t\t<div class=\"elementor-widget-wrap elementor-element-populated\">\n\t\t\t\t\t\t\t\t<div class=\"elementor-element elementor-element-f5cdb4d elementor-tabs-view-horizontal elementor-widget elementor-widget-tabs\" data-id=\"f5cdb4d\" data-element_type=\"widget\" data-widget_type=\"tabs.default\">\n\t\t\t\t<div class=\"elementor-widget-container\">\n\t\t\t\t\t<div class=\"elementor-tabs\">\n\t\t\t<div class=\"elementor-tabs-wrapper\" role=\"tablist\" >\n\t\t\t\t\t\t\t\t\t<div id=\"elementor-tab-title-2571\" class=\"elementor-tab-title elementor-tab-desktop-title\" aria-selected=\"true\" data-tab=\"1\" role=\"tab\" tabindex=\"0\" aria-controls=\"elementor-tab-content-2571\" aria-expanded=\"false\">Objetivos del Proyecto<\/div>\n\t\t\t\t\t\t\t\t\t<div id=\"elementor-tab-title-2572\" class=\"elementor-tab-title elementor-tab-desktop-title\" aria-selected=\"false\" data-tab=\"2\" role=\"tab\" tabindex=\"-1\" aria-controls=\"elementor-tab-content-2572\" aria-expanded=\"false\">Resultado del Proyecto<\/div>\n\t\t\t\t\t\t\t\t\t<div id=\"elementor-tab-title-2573\" class=\"elementor-tab-title elementor-tab-desktop-title\" aria-selected=\"false\" data-tab=\"3\" role=\"tab\" tabindex=\"-1\" aria-controls=\"elementor-tab-content-2573\" aria-expanded=\"false\">Grupo Objetivo<\/div>\n\t\t\t\t\t\t\t\t\t<div id=\"elementor-tab-title-2574\" class=\"elementor-tab-title elementor-tab-desktop-title\" aria-selected=\"false\" data-tab=\"4\" role=\"tab\" tabindex=\"-1\" aria-controls=\"elementor-tab-content-2574\" aria-expanded=\"false\">Encuentros<\/div>\n\t\t\t\t\t\t\t<\/div>\n\t\t\t<div class=\"elementor-tabs-content-wrapper\" role=\"tablist\" aria-orientation=\"vertical\">\n\t\t\t\t\t\t\t\t\t<div class=\"elementor-tab-title elementor-tab-mobile-title\" aria-selected=\"true\" data-tab=\"1\" role=\"tab\" tabindex=\"0\" aria-controls=\"elementor-tab-content-2571\" aria-expanded=\"false\">Objetivos del Proyecto<\/div>\n\t\t\t\t\t<div id=\"elementor-tab-content-2571\" class=\"elementor-tab-content elementor-clearfix\" data-tab=\"1\" role=\"tabpanel\" aria-labelledby=\"elementor-tab-title-2571\" tabindex=\"0\" hidden=\"false\"><p><\/p><p><\/p><p><\/p><p>El proyecto desarroll\u00f3, en 36 meses, un itinerario de mejora de habilidades que, a trav\u00e9s de una estrategia integradora, apoya el desarrollo de las habilidades transversales de Pensamiento Cr\u00edtico y Creatividad.<\/p><p>Mediante una herramienta online, el proyecto presenta una estrategia innovadora para el desarrollo de habilidades basada en la formaci\u00f3n y el aprendizaje por medio de retos y ejercicios altamente interactivos, junto con debates colaborativos a trav\u00e9s de un foro online de debate.<\/p><p><\/p><p><\/p><p><\/p><\/div>\n\t\t\t\t\t\t\t\t\t<div class=\"elementor-tab-title elementor-tab-mobile-title\" aria-selected=\"false\" data-tab=\"2\" role=\"tab\" tabindex=\"-1\" aria-controls=\"elementor-tab-content-2572\" aria-expanded=\"false\">Resultado del Proyecto<\/div>\n\t\t\t\t\t<div id=\"elementor-tab-content-2572\" class=\"elementor-tab-content elementor-clearfix\" data-tab=\"2\" role=\"tabpanel\" aria-labelledby=\"elementor-tab-title-2572\" tabindex=\"0\" hidden=\"hidden\"><p><\/p><p><\/p><p>Plataforma Online, donde los participantes pueden desarrollar habilidades transversales de Pensamiento Cr\u00edtico y Creatividad, a trav\u00e9s de cursos cortos y altamente interactivos, basados en retos estrat\u00e9gicos y ejercicios para el desarrollo de habilidades. La plataforma online incluye un foro de debate, con la intenci\u00f3n de crear equipos de debate entre participantes de los diferentes pa\u00edses del partenariado, promoviendo el trabajo colaborativo y el aprendizaje interactivo.<\/p><p><\/p><p><\/p><p><\/p><p style=\"text-align: center;\"><a href=\"https:\/\/act2impact.erasmus.site\/\" target=\"_blank\" rel=\"noopener\">Open<\/a><\/p><\/div>\n\t\t\t\t\t\t\t\t\t<div class=\"elementor-tab-title elementor-tab-mobile-title\" aria-selected=\"false\" data-tab=\"3\" role=\"tab\" tabindex=\"-1\" aria-controls=\"elementor-tab-content-2573\" aria-expanded=\"false\">Grupo Objetivo<\/div>\n\t\t\t\t\t<div id=\"elementor-tab-content-2573\" class=\"elementor-tab-content elementor-clearfix\" data-tab=\"3\" role=\"tabpanel\" aria-labelledby=\"elementor-tab-title-2573\" tabindex=\"0\" hidden=\"hidden\"><p><\/li><\/ol><p><\/li><\/ol><p><\/p><p>El proyecto desarroll\u00f3 una soluci\u00f3n dirigida a:<\/p><ol><li>adultos j\u00f3venes con edades comprendidas entre 20 y 30 a\u00f1os para facilitar su incorporaci\u00f3n al mercado laboral.<\/li><li>educadores e instituciones educativas para potenciar el desarrollo de habilidades clave que contribuyan a aumentar la posibilidad de \u00e9xito profesional y satisfacci\u00f3n en sus trabajos.<\/li><\/ol><p><\/li><\/ol><p><\/p><p><\/li><\/ol><\/div>\n\t\t\t\t\t\t\t\t\t<div class=\"elementor-tab-title elementor-tab-mobile-title\" aria-selected=\"false\" data-tab=\"4\" role=\"tab\" tabindex=\"-1\" aria-controls=\"elementor-tab-content-2574\" aria-expanded=\"false\">Encuentros<\/div>\n\t\t\t\t\t<div id=\"elementor-tab-content-2574\" class=\"elementor-tab-content elementor-clearfix\" data-tab=\"4\" role=\"tabpanel\" aria-labelledby=\"elementor-tab-title-2574\" tabindex=\"0\" hidden=\"hidden\"><p><\/li><\/ol><p><\/li><\/ol><p><\/p><p>El proyecto mantuvo 3 meetings online, y 2 f\u00edsicos en:<\/p><ol><li>Alicante (Spain) 1er encuentro en Alicante -La primera reuni\u00f3n del Proyecto se celebr\u00f3 en Alicante (Espa\u00f1a) los d\u00edas 13 y 14 de enero de 2020.<p>El anfitri\u00f3n de la reuni\u00f3n fue el Coordinador del Proyecto, FUNDACI\u00d3N EMPRESA UNIVERSIDAD DE ALICANTE (FUNDEUN).<\/p><p>Durante la reuni\u00f3n se discutieron todos los pasos a seguir en el Proyecto y se defini\u00f3 un plan con todas las actividades a desarrollar, que fue aceptado por todos los socios.<\/p><\/li><li>Porto (Portugal)<\/li><li>Potenza (Italy)<\/li><li>Volos (Greece) &#8211; El \u00faltimo meeting Transnacional de Proyecto se celebr\u00f3 en Volos (Greece) los d\u00edas 30 y 31 de agosto de 2022. La organizaci\u00f3n anfitriona fue UNIVERSITY OF THESSALY. Los socios hablaron sobre la versi\u00f3n final de la plataforma y sobre el informe final del proyecto a emitir.<\/li><\/ol><p><\/li><\/ol><p><\/li><\/ol><p><\/li><\/ol><\/div>\n\t\t\t\t\t\t\t<\/div>\n\t\t<\/div>\n\t\t\t\t<\/div>\n\t\t\t\t<\/div>\n\t\t\t\t\t<\/div>\n\t\t<\/div>\n\t\t\t\t\t\t\t<\/div>\n\t\t<\/section>\n\t\t\t\t\t\t\t<\/div>\n\t\t","protected":false},"excerpt":{"rendered":"<p>El proyecto ACT2IMPACT ha afrontado el vac\u00edo existente entre el conjunto de habilidades transversales adquiridas por los adultos j\u00f3venes prepar\u00e1ndose a entrar en el mercado laboral y las necesidades actualmente&hellip;<\/p>\n","protected":false},"author":1,"featured_media":75,"parent":0,"menu_order":0,"comment_status":"closed","ping_status":"closed","template":"","meta":{"footnotes":""},"class_list":["post-51","page","type-page","status-publish","has-post-thumbnail","hentry"],"_links":{"self":[{"href":"https:\/\/act2impact.eu\/es\/wp-json\/wp\/v2\/pages\/51","targetHints":{"allow":["GET"]}}],"collection":[{"href":"https:\/\/act2impact.eu\/es\/wp-json\/wp\/v2\/pages"}],"about":[{"href":"https:\/\/act2impact.eu\/es\/wp-json\/wp\/v2\/types\/page"}],"author":[{"embeddable":true,"href":"https:\/\/act2impact.eu\/es\/wp-json\/wp\/v2\/users\/1"}],"replies":[{"embeddable":true,"href":"https:\/\/act2impact.eu\/es\/wp-json\/wp\/v2\/comments?post=51"}],"version-history":[{"count":46,"href":"https:\/\/act2impact.eu\/es\/wp-json\/wp\/v2\/pages\/51\/revisions"}],"predecessor-version":[{"id":311,"href":"https:\/\/act2impact.eu\/es\/wp-json\/wp\/v2\/pages\/51\/revisions\/311"}],"wp:featuredmedia":[{"embeddable":true,"href":"https:\/\/act2impact.eu\/es\/wp-json\/wp\/v2\/media\/75"}],"wp:attachment":[{"href":"https:\/\/act2impact.eu\/es\/wp-json\/wp\/v2\/media?parent=51"}],"curies":[{"name":"wp","href":"https:\/\/api.w.org\/{rel}","templated":true}]}}